{"id":4085,"date":"2020-12-10T20:20:05","date_gmt":"2020-12-10T19:20:05","guid":{"rendered":"https:\/\/www.laocoonteshoes.com\/?page_id=4085"},"modified":"2020-12-10T20:20:06","modified_gmt":"2020-12-10T19:20:06","slug":"formas-de-pago","status":"publish","type":"page","link":"https:\/\/www.laocoonteshoes.com\/es\/formas-de-pago\/","title":{"rendered":"Formas de pago"},"content":{"rendered":"<h2 class=\"wp-block-heading\">Formas de pago en Laocoonteshoes.com<\/h2>\n\n\n\n<p>Las formas de pago en nuestra tienda son Visa, Visa Electron, MasterCard, Bizzum y PayPal<\/p>\n\n\n\n<h3 class=\"wp-block-heading\">Pago seguro con tarjeta de cr\u00e9dito\/d\u00e9bito<\/h3>\n\n\n\n<p>El pago realizado mediante tarjeta de cr\u00e9dito se realiza con la m\u00e1xima seguridad mediante la pasarela Redsys protegiendo sus datos en cada transacci\u00f3n.<\/p>\n\n\n\n<p>Razones por las que el pago con su tarjeta ha sido denegado:<\/p>\n\n\n\n<p><strong>Tarjeta caducada.<\/strong> uno de los motivos por los que el pago puede denegado el que su tarjeta est\u00e9 caducada. Compruebe que no exceda la fecha indicada.<\/p>\n\n\n\n<p><strong>L\u00edmite de la tarjeta alcanzado.<\/strong> Consulte con su banco el l\u00edmite o importe m\u00e1ximo de su tarjeta para efectuar compras.<\/p>\n\n\n\n<p><strong>Datos introducidos.<\/strong> Repase los datos introducidos y compruebe que todos los datos son v\u00e1lidos y todos los campos necesarios est\u00e1n completos.<\/p>\n\n\n\n<h3 class=\"wp-block-heading\">Pago seguro con Bizum<\/h3>\n\n\n\n<p>Para realizar un pago con Bizum debe\u00a0introducir el n\u00famero de tel\u00e9fono y la clave Bizum que les pedir\u00e1 el sistema y, una vez el banco valide la operaci\u00f3n a trav\u00e9s de un mensaje de texto, le llegar\u00e1 la confirmaci\u00f3n de pago.\u00a0<\/p>\n\n\n\n<h3 class=\"wp-block-heading\">Pago seguro con <em>PayPal<\/em><\/h3>\n\n\n\n<p>PayPal le permite pagar en nuestra tienda de forma segura y r\u00e1pida en dos clicks. Para utilizar esta forma de pago es necesario tener una cuenta en Paypal.<\/p>","protected":false},"excerpt":{"rendered":"<p>Formas de pago en Laocoonteshoes.com Las formas de pago en nuestra tienda son Visa, Visa Electron, MasterCard, Bizzum y PayPal Pago seguro con tarjeta de cr\u00e9dito\/d\u00e9bito El pago realizado mediante tarjeta de cr\u00e9dito se realiza con la m\u00e1xima seguridad mediante la pasarela Redsys protegiendo sus datos en cada transacci\u00f3n. Razones&hellip;<\/p>","protected":false},"author":1,"featured_media":0,"parent":0,"menu_order":0,"comment_status":"closed","ping_status":"closed","template":"","meta":{"footnotes":""},"class_list":["post-4085","page","type-page","status-publish","hentry"],"yoast_head":"<!-- This site is optimized with the Yoast SEO plugin v27.4 - https:\/\/yoast.com\/product\/yoast-seo-wordpress\/ -->\n<title>Formas de pago - Laocoonte Shoes<\/title>\n<meta name=\"robots\" content=\"index, follow, max-snippet:-1, max-image-preview:large, max-video-preview:-1\" \/>\n<link rel=\"canonical\" href=\"https:\/\/www.laocoonteshoes.com\/es\/formas-de-pago\/\" \/>\n<meta property=\"og:locale\" content=\"es_ES\" \/>\n<meta property=\"og:type\" content=\"article\" \/>\n<meta property=\"og:title\" content=\"Formas de pago - Laocoonte Shoes\" \/>\n<meta property=\"og:description\" content=\"Formas de pago en Laocoonteshoes.com Las formas de pago en nuestra tienda son Visa, Visa Electron, MasterCard, Bizzum y PayPal Pago seguro con tarjeta de cr\u00e9dito\/d\u00e9bito El pago realizado mediante tarjeta de cr\u00e9dito se realiza con la m\u00e1xima seguridad mediante la pasarela Redsys protegiendo sus datos en cada transacci\u00f3n. Razones&hellip;\" \/>\n<meta property=\"og:url\" content=\"https:\/\/www.laocoonteshoes.com\/es\/formas-de-pago\/\" \/>\n<meta property=\"og:site_name\" content=\"Laocoonte Shoes\" \/>\n<meta property=\"article:publisher\" content=\"https:\/\/www.facebook.com\/LAOCOONTESHOES\/\" \/>\n<meta property=\"article:modified_time\" content=\"2020-12-10T19:20:06+00:00\" \/>\n<meta name=\"twitter:card\" content=\"summary_large_image\" \/>\n<meta name=\"twitter:label1\" content=\"Tiempo de lectura\" \/>\n\t<meta name=\"twitter:data1\" content=\"1 minuto\" \/>\n<script type=\"application\/ld+json\" class=\"yoast-schema-graph\">{\"@context\":\"https:\\\/\\\/schema.org\",\"@graph\":[{\"@type\":\"WebPage\",\"@id\":\"https:\\\/\\\/www.laocoonteshoes.com\\\/formas-de-pago\\\/\",\"url\":\"https:\\\/\\\/www.laocoonteshoes.com\\\/formas-de-pago\\\/\",\"name\":\"Formas de pago - Laocoonte Shoes\",\"isPartOf\":{\"@id\":\"https:\\\/\\\/www.laocoonteshoes.com\\\/#website\"},\"datePublished\":\"2020-12-10T19:20:05+00:00\",\"dateModified\":\"2020-12-10T19:20:06+00:00\",\"breadcrumb\":{\"@id\":\"https:\\\/\\\/www.laocoonteshoes.com\\\/formas-de-pago\\\/#breadcrumb\"},\"inLanguage\":\"es\",\"potentialAction\":[{\"@type\":\"ReadAction\",\"target\":[\"https:\\\/\\\/www.laocoonteshoes.com\\\/formas-de-pago\\\/\"]}]},{\"@type\":\"BreadcrumbList\",\"@id\":\"https:\\\/\\\/www.laocoonteshoes.com\\\/formas-de-pago\\\/#breadcrumb\",\"itemListElement\":[{\"@type\":\"ListItem\",\"position\":1,\"name\":\"Home\",\"item\":\"https:\\\/\\\/www.laocoonteshoes.com\\\/\"},{\"@type\":\"ListItem\",\"position\":2,\"name\":\"Formas de pago\"}]},{\"@type\":\"WebSite\",\"@id\":\"https:\\\/\\\/www.laocoonteshoes.com\\\/#website\",\"url\":\"https:\\\/\\\/www.laocoonteshoes.com\\\/\",\"name\":\"Laocoonte Shoes\",\"description\":\"Every shoe has a story\",\"publisher\":{\"@id\":\"https:\\\/\\\/www.laocoonteshoes.com\\\/#organization\"},\"potentialAction\":[{\"@type\":\"SearchAction\",\"target\":{\"@type\":\"EntryPoint\",\"urlTemplate\":\"https:\\\/\\\/www.laocoonteshoes.com\\\/?s={search_term_string}\"},\"query-input\":{\"@type\":\"PropertyValueSpecification\",\"valueRequired\":true,\"valueName\":\"search_term_string\"}}],\"inLanguage\":\"es\"},{\"@type\":\"Organization\",\"@id\":\"https:\\\/\\\/www.laocoonteshoes.com\\\/#organization\",\"name\":\"Laocoonte Shoes\",\"url\":\"https:\\\/\\\/www.laocoonteshoes.com\\\/\",\"logo\":{\"@type\":\"ImageObject\",\"inLanguage\":\"es\",\"@id\":\"https:\\\/\\\/www.laocoonteshoes.com\\\/#\\\/schema\\\/logo\\\/image\\\/\",\"url\":\"https:\\\/\\\/www.laocoonteshoes.com\\\/wp-content\\\/uploads\\\/2024\\\/04\\\/logo-laocoonte.png.webp\",\"contentUrl\":\"https:\\\/\\\/www.laocoonteshoes.com\\\/wp-content\\\/uploads\\\/2024\\\/04\\\/logo-laocoonte.png.webp\",\"width\":200,\"height\":36,\"caption\":\"Laocoonte Shoes\"},\"image\":{\"@id\":\"https:\\\/\\\/www.laocoonteshoes.com\\\/#\\\/schema\\\/logo\\\/image\\\/\"},\"sameAs\":[\"https:\\\/\\\/www.facebook.com\\\/LAOCOONTESHOES\\\/\",\"https:\\\/\\\/www.instagram.com\\\/laocoonte_es\\\/\"]}]}<\/script>\n<!-- \/ Yoast SEO plugin. -->","yoast_head_json":{"title":"Formas de pago - Laocoonte Shoes","robots":{"index":"index","follow":"follow","max-snippet":"max-snippet:-1","max-image-preview":"max-image-preview:large","max-video-preview":"max-video-preview:-1"},"canonical":"https:\/\/www.laocoonteshoes.com\/es\/formas-de-pago\/","og_locale":"es_ES","og_type":"article","og_title":"Formas de pago - Laocoonte Shoes","og_description":"Formas de pago en Laocoonteshoes.com Las formas de pago en nuestra tienda son Visa, Visa Electron, MasterCard, Bizzum y PayPal Pago seguro con tarjeta de cr\u00e9dito\/d\u00e9bito El pago realizado mediante tarjeta de cr\u00e9dito se realiza con la m\u00e1xima seguridad mediante la pasarela Redsys protegiendo sus datos en cada transacci\u00f3n. Razones&hellip;","og_url":"https:\/\/www.laocoonteshoes.com\/es\/formas-de-pago\/","og_site_name":"Laocoonte Shoes","article_publisher":"https:\/\/www.facebook.com\/LAOCOONTESHOES\/","article_modified_time":"2020-12-10T19:20:06+00:00","twitter_card":"summary_large_image","twitter_misc":{"Tiempo de lectura":"1 minuto"},"schema":{"@context":"https:\/\/schema.org","@graph":[{"@type":"WebPage","@id":"https:\/\/www.laocoonteshoes.com\/formas-de-pago\/","url":"https:\/\/www.laocoonteshoes.com\/formas-de-pago\/","name":"Formas de pago - Laocoonte Shoes","isPartOf":{"@id":"https:\/\/www.laocoonteshoes.com\/#website"},"datePublished":"2020-12-10T19:20:05+00:00","dateModified":"2020-12-10T19:20:06+00:00","breadcrumb":{"@id":"https:\/\/www.laocoonteshoes.com\/formas-de-pago\/#breadcrumb"},"inLanguage":"es","potentialAction":[{"@type":"ReadAction","target":["https:\/\/www.laocoonteshoes.com\/formas-de-pago\/"]}]},{"@type":"BreadcrumbList","@id":"https:\/\/www.laocoonteshoes.com\/formas-de-pago\/#breadcrumb","itemListElement":[{"@type":"ListItem","position":1,"name":"Home","item":"https:\/\/www.laocoonteshoes.com\/"},{"@type":"ListItem","position":2,"name":"Formas de pago"}]},{"@type":"WebSite","@id":"https:\/\/www.laocoonteshoes.com\/#website","url":"https:\/\/www.laocoonteshoes.com\/","name":"Laocoonte Shoes","description":"Every shoe has a story","publisher":{"@id":"https:\/\/www.laocoonteshoes.com\/#organization"},"potentialAction":[{"@type":"SearchAction","target":{"@type":"EntryPoint","urlTemplate":"https:\/\/www.laocoonteshoes.com\/?s={search_term_string}"},"query-input":{"@type":"PropertyValueSpecification","valueRequired":true,"valueName":"search_term_string"}}],"inLanguage":"es"},{"@type":"Organization","@id":"https:\/\/www.laocoonteshoes.com\/#organization","name":"Laocoonte Shoes","url":"https:\/\/www.laocoonteshoes.com\/","logo":{"@type":"ImageObject","inLanguage":"es","@id":"https:\/\/www.laocoonteshoes.com\/#\/schema\/logo\/image\/","url":"https:\/\/www.laocoonteshoes.com\/wp-content\/uploads\/2024\/04\/logo-laocoonte.png.webp","contentUrl":"https:\/\/www.laocoonteshoes.com\/wp-content\/uploads\/2024\/04\/logo-laocoonte.png.webp","width":200,"height":36,"caption":"Laocoonte Shoes"},"image":{"@id":"https:\/\/www.laocoonteshoes.com\/#\/schema\/logo\/image\/"},"sameAs":["https:\/\/www.facebook.com\/LAOCOONTESHOES\/","https:\/\/www.instagram.com\/laocoonte_es\/"]}]}},"_links":{"self":[{"href":"https:\/\/www.laocoonteshoes.com\/es\/wp-json\/wp\/v2\/pages\/4085","targetHints":{"allow":["GET"]}}],"collection":[{"href":"https:\/\/www.laocoonteshoes.com\/es\/wp-json\/wp\/v2\/pages"}],"about":[{"href":"https:\/\/www.laocoonteshoes.com\/es\/wp-json\/wp\/v2\/types\/page"}],"author":[{"embeddable":true,"href":"https:\/\/www.laocoonteshoes.com\/es\/wp-json\/wp\/v2\/users\/1"}],"replies":[{"embeddable":true,"href":"https:\/\/www.laocoonteshoes.com\/es\/wp-json\/wp\/v2\/comments?post=4085"}],"version-history":[{"count":1,"href":"https:\/\/www.laocoonteshoes.com\/es\/wp-json\/wp\/v2\/pages\/4085\/revisions"}],"predecessor-version":[{"id":4086,"href":"https:\/\/www.laocoonteshoes.com\/es\/wp-json\/wp\/v2\/pages\/4085\/revisions\/4086"}],"wp:attachment":[{"href":"https:\/\/www.laocoonteshoes.com\/es\/wp-json\/wp\/v2\/media?parent=4085"}],"curies":[{"name":"wp","href":"https:\/\/api.w.org\/{rel}","templated":true}]}}