{"id":4377,"date":"2021-01-14T09:25:14","date_gmt":"2021-01-14T08:25:14","guid":{"rendered":"https:\/\/www.laocoonteshoes.com\/?page_id=4377"},"modified":"2021-01-19T12:11:12","modified_gmt":"2021-01-19T11:11:12","slug":"cookie-policy","status":"publish","type":"page","link":"https:\/\/www.laocoonteshoes.com\/es\/politica-de-cookies-2\/","title":{"rendered":"Pol\u00edtica de Cookies"},"content":{"rendered":"<p style=\"text-align: left;\"><strong>POL\u00cdTICA DE COOKIES<\/strong><br \/>\nEn cumplimiento con el art\u00edculo 22 de la Ley 34\/2002, de 11 de julio, de servicios de la sociedad de la\ninformaci\u00f3n y de comercio electr\u00f3nico (LSSI), en relaci\u00f3n con el Reglamento (UE) 2016\/679 del\nParlamento Europeo y del Consejo, de 27 de abril de 2016, General de Protecci\u00f3n de Datos (RGPD)\ny la Ley Org\u00e1nica 3\/2018, de 5 de diciembre, de Protecci\u00f3n de Datos y garant\u00eda de los derechos\ndigitales (LOPDGDD), LAOCOONTE CALZADOS SL pone a disposici\u00f3n de los usuarios la Pol\u00edtica\nde recogida y tratamiento de cookies del sitio Web.<\/p>\n<p style=\"text-align: left;\"><strong>\u00bfQU\u00c9 SON LAS COOKIES?<\/strong><br \/>\nUna Cookie es un fichero que se descarga en su ordenador al entrar a determinadas p\u00e1ginas web. Las cookies permiten a una p\u00e1gina web, entre otras cosas, almacenar y recuperar informaci\u00f3n sobre sus h\u00e1bitos de navegaci\u00f3n y \u2014dependiendo de la informaci\u00f3n que contengan y de la forma en que utilice su equipo\u2014 pueden utilizarse para identificarle.<\/p>\n<p style=\"text-align: left;\"><strong>COOKIES UTILIZADAS EN EL SITIO WEB<\/strong><\/p>\n<p style=\"text-align: left;\">A continuaci\u00f3n se clasifican las cookies utilizadas por el sitio Web https:\/\/www.laocoonteshoes.com:<\/p>\n<p style=\"text-align: left;\">Seg\u00fan la entidad que las gestiona<\/p>\n<p style=\"text-align: left;\">Cookies propias: Son aquellas enviadas y gestionadas directamente por LAOCOONTE CALZADOS SL<\/p>\n<p style=\"text-align: left;\">Cookies de terceros: Son aquellas que se env\u00edan al usuario desde un dominio ajeno a LAOCOONTE CALZADOS SL.<\/p>\n<p style=\"text-align: left;\">Seg\u00fan su finalidad<\/p>\n<p style=\"text-align: left;\">Cookies t\u00e9cnicas: Son aquellas que permiten a los usuarios registrados navegar a trav\u00e9s del sitio Web, del \u00e1rea restringida y a utilizar sus diferentes funciones, como por ejemplo, el sistema de comentarios o el buscador o llevar a cabo el proceso de compra de un Producto o Servicio.<\/p>\n<p style=\"text-align: left;\">Cookies de personalizaci\u00f3n: Son aquellas que permiten a los usuarios acceder al Servicio con algunas caracter\u00edsticas de car\u00e1cter general predefinidas en funci\u00f3n de una serie de criterios establecidos por el usuario como, por ejemplo, el idioma o el tipo de navegador a trav\u00e9s del cual se conecta a este sitio Web.\nCookies de an\u00e1lisis o medici\u00f3n: Son aquellas que, bien tratadas por el sitio Web o por terceros, permiten cuantificar el n\u00famero de usuarios y as\u00ed realizar la medici\u00f3n y an\u00e1lisis estad\u00edstico de la utilizaci\u00f3n que hacen los usuarios del sitio Web. Para ello se analiza la navegaci\u00f3n que realizas en este sitio Web con el fin de mejorarlo.<\/p>\n<p style=\"text-align: left;\">Cookies de an\u00e1lisis o medici\u00f3n: Son aquellas que, bien tratadas por el sitio Web o por terceros, permiten cuantificar el n\u00famero de usuarios y as\u00ed realizar la medici\u00f3n y an\u00e1lisis estad\u00edstico de la utilizaci\u00f3n que hacen los usuarios del sitio Web. Para ello se analiza la navegaci\u00f3n que realizas en este sitio Web con el fin de mejorarlo.<\/p>\n<p style=\"text-align: left;\">Para ello se analiza la navegaci\u00f3n que realizas en este sitio Web con el fin de mejorarlo.<\/p>\n<p style=\"text-align: left;\">Cookies sociales: Son establecidas por las plataformas de redes sociales para permitir a los usuarios compartir contenido con sus amigos y redes.<\/p>\n<p style=\"text-align: left;\">Seg\u00fan su duraci\u00f3n<\/p>\n<p style=\"text-align: left;\">Cookies de sesi\u00f3n: Son aquellas dise\u00f1adas para recabar y almacenar datos mientras el usuario accede al sitio Web.<\/p>\n<p style=\"text-align: left;\">Cookies persistentes: Son aquellas en las que los datos siguen almacenados en el terminal del usuario y pueden ser accedidos y tratados durante un per\u00edodo definido por el responsable de la cookie.<\/p>\n<p style=\"text-align: left;\"><b>LISTADO DE COOKIES UTILIZADAS<\/b><\/p>\n<p style=\"text-align: left;\">Este sitio Web puede instalar las siguientes cookies:<\/p>\n<p style=\"text-align: left;\">Cookies t\u00e9cnicas<\/p>\n<p style=\"text-align: left;\">wp-settings-{user_id}: Cookie t\u00e9cnica que se usa para mantener la configuraci\u00f3n del usuario en wp-admin. Es persistente y tiene una duraci\u00f3n de 1 a\u00f1o.<\/p>\n<p style=\"text-align: left;\">hasConsent: Cookie t\u00e9cnica que almacena el consentimiento del usuario. Es persistente y tiene una duraci\u00f3n de 1 a\u00f1o.<\/p>\n<p style=\"text-align: left;\">Cookies de an\u00e1lisis o medici\u00f3n<\/p>\n<p style=\"text-align: left;\">_ga: Cookie Anal\u00edtica que habilita la funci\u00f3n de control de visitas \u00fanicas. Es persistente y tiene una duraci\u00f3n de 2 a\u00f1os.<\/p>\n<p style=\"text-align: left;\">_gat: Cookie Anal\u00edtica para limitar el n\u00famero de solicitudes. Su \u00e1mbito es la sesi\u00f3n y tiene una duraci\u00f3n de 1 minuto<\/p>\n<p style=\"text-align: left;\">_gid: Cookie Anal\u00edtica para distinguir usuarios. Su \u00e1mbito es la sesi\u00f3n y tiene una duraci\u00f3n de 24 horas.<\/p>\n<p style=\"text-align: left;\">Informaci\u00f3n adicional:<\/p>\n<ul style=\"text-align: left;\">\n<li>Google Analytics puede instalar otras cookies seg\u00fan el documento Uso de las cookies de Google Analytics en sitios web.<\/li>\n<\/ul>\n<p style=\"text-align: left;\">Cookies sociales<\/p>\n<p style=\"text-align: left;\">El sitio Web incluye otras funcionalidades proporcionadas por servicios de terceros y redes sociales para mejorar la experiencia de los visitantes. Usted puede compartir el contenido en tus redes sociales como \u00abFacebook\u00bb, \u00abTwitter\u00bb, \u00abInstagram\u00bb, \u00abVimeo\u00bb o \u00abYouTube\u00bb con los botones incluidos a tal efecto o con las herramientas para compartir propias de las redes sociales. Como resultado, estos servicios pueden instalar cookies y utilizarlas para rastrear su actividad online. No tenemos control directo sobre la informaci\u00f3n recopilada por estas cookies.<\/p>\n<p style=\"text-align: left;\">El sitio Web puede instalar otras cookies:<\/p>\n<p style=\"text-align: left;\">Aceptando o rechazando la instalaci\u00f3n de cookies.<\/p>\n<p style=\"text-align: left;\">LAOCOONTE CALZADOS SL muestra informaci\u00f3n sobre su Pol\u00edtica de cookies en el banner de cookies accesible en todas las p\u00e1ginas del Sitio Web. El banner de cookies muestra informaci\u00f3n esencial sobre el tratamiento de datos y permite al usuario realizar las siguientes acciones:<\/p>\n<p style=\"text-align: left;\">Aceptar o rechazar la instalaci\u00f3n de cookies, o retirar el consentimiento previamente otorgado.<\/p>\n<p style=\"text-align: left;\">Cambiar las preferencias de cookies desde la p\u00e1gina Personalizar Cookies, a la que puedes acceder desde el Aviso de Cookies.<\/p>\n<p style=\"text-align: left;\">Obtener informaci\u00f3n adicional sobre la Pol\u00edtica de Cookies desde la p\u00e1gina Pol\u00edtica de cookies.<\/p>\n<p><strong>ACEPTACI\u00d3N O RECHAZO DE LA INSTALACI\u00d3N DE COOKIES<\/strong><\/p>\n<p>LAOCOONTE CALZADOS SL muestra informaci\u00f3n sobre su Pol\u00edtica de cookies en el banner de cookies accesible en todas las p\u00e1ginas del Sitio Web. El banner de cookies muestra informaci\u00f3n esencial sobre el tratamiento de datos y permite al usuario realizar las siguientes acciones:<\/p>\n<ul>\n<li aria-level=\"1\">Aceptar o rechazar la instalaci\u00f3n de cookies, o retirar el consentimiento previamente otorgado.<\/li>\n<li aria-level=\"1\">Cambiar las preferencias de cookies desde la p\u00e1gina Personalizar Cookies, a la que puedes acceder desde el Aviso de Cookies.<\/li>\n<\/ul>\n<ul>\n<li>Obtener informaci\u00f3n adicional sobre la Pol\u00edtica de Cookies desde la p\u00e1gina Pol\u00edtica de cookies.<\/li>\n<\/ul>\n<p style=\"text-align: left;\"><strong>ELIMINACI\u00d3N DE COOKIES<\/strong><\/p>\n<p style=\"text-align: left;\">Usted puede aceptar, bloquear o eliminar las cookies instaladas en su equipo mediante la configuraci\u00f3n de las opciones del navegador, pero parte del sitio no funcionar\u00e1 correctamente o su calidad puede verse afectada.<\/p>\n<p style=\"text-align: left;\">En los siguientes enlaces encontrar\u00e1 instrucciones para habilitar o deshabilitar las cookies en los navegadores m\u00e1s comunes.<\/p>\n<p style=\"text-align: left;\">\u25cf Firefox http:\/\/support.mozilla.org\/es\/kb\/habilitar-y-deshabilitar-cookies-que-los-sitios-web<\/p>\n<p style=\"text-align: left;\">Google Chrome https:\/\/support.google.com\/chrome\/answer\/95647?hl=es<\/p>\n<p style=\"text-align: left;\">\u25cf Internet Explorer https:\/\/support.microsoft.com\/es-es\/help\/17442\/windows-internet-explorer-delete-manage-cookies#ie= &amp;quot;ie-10&amp;quot;<\/p>\n<p style=\"text-align: left;\">\u25cf Microsoft Edge https:\/\/support.microsoft.com\/es-es\/help\/4468242\/microsoft-edge- browsing-data-and-privacy<\/p>\n<p style=\"text-align: left;\"><strong>TRATAMIENTO DE DATOS PERSONALES<\/strong><\/p>\n<p style=\"text-align: left;\">LAOCOONTE CALZADOS SL es el Responsable del tratamiento de los datos personales del usuario. Usted puede consultar toda la informaci\u00f3n relativa al tratamiento de datos personales que recoge el Titular en la p\u00e1gina de Pol\u00edtica de Privacidad.<\/p>\n<p style=\"text-align: left;\"><strong>CONTACTO<\/strong><\/p>\n<p style=\"text-align: left;\">En caso de que tenga cualquier duda acerca de esta Pol\u00edtica de Cookies o quiera realizar cualquier comentario sobre este sitio Web, puede enviar un mensaje de correo electr\u00f3nico a la direcci\u00f3n shop@laocoonteshoes.com.<\/p>","protected":false},"excerpt":{"rendered":"<p>COOKIE POLICY In compliance with Article 22 of Law 34\/2002, of July 11, on Information Society Services and Electronic Commerce (LSSI), in relation to Regulation (EU) 2016\/679 of the European Parliament and of the Council, of April 27, 2016, General Data Protection (RGPD) and OrganicLaw 3\/2018, of December 5, Data&hellip;<\/p>","protected":false},"author":1,"featured_media":0,"parent":0,"menu_order":0,"comment_status":"closed","ping_status":"closed","template":"","meta":{"footnotes":""},"class_list":["post-4377","page","type-page","status-publish","hentry"],"yoast_head":"<!-- This site is optimized with the Yoast SEO plugin v27.4 - https:\/\/yoast.com\/product\/yoast-seo-wordpress\/ -->\n<title>Cookie Policy - Laocoonte Shoes<\/title>\n<meta name=\"robots\" content=\"index, follow, max-snippet:-1, max-image-preview:large, max-video-preview:-1\" \/>\n<link rel=\"canonical\" href=\"https:\/\/www.laocoonteshoes.com\/es\/cookie-policy\/\" \/>\n<meta property=\"og:locale\" content=\"es_ES\" \/>\n<meta property=\"og:type\" content=\"article\" \/>\n<meta property=\"og:title\" content=\"Cookie Policy - Laocoonte Shoes\" \/>\n<meta property=\"og:description\" content=\"COOKIE POLICY In compliance with Article 22 of Law 34\/2002, of July 11, on Information Society Services and Electronic Commerce (LSSI), in relation to Regulation (EU) 2016\/679 of the European Parliament and of the Council, of April 27, 2016, General Data Protection (RGPD) and OrganicLaw 3\/2018, of December 5, Data&hellip;\" \/>\n<meta property=\"og:url\" content=\"https:\/\/www.laocoonteshoes.com\/es\/cookie-policy\/\" \/>\n<meta property=\"og:site_name\" content=\"Laocoonte Shoes\" \/>\n<meta property=\"article:publisher\" content=\"https:\/\/www.facebook.com\/LAOCOONTESHOES\/\" \/>\n<meta property=\"article:modified_time\" content=\"2021-01-19T11:11:12+00:00\" \/>\n<meta name=\"twitter:card\" content=\"summary_large_image\" \/>\n<meta name=\"twitter:label1\" content=\"Tiempo de lectura\" \/>\n\t<meta name=\"twitter:data1\" content=\"5 minutos\" \/>\n<script type=\"application\/ld+json\" class=\"yoast-schema-graph\">{\"@context\":\"https:\\\/\\\/schema.org\",\"@graph\":[{\"@type\":\"WebPage\",\"@id\":\"https:\\\/\\\/www.laocoonteshoes.com\\\/cookie-policy\\\/\",\"url\":\"https:\\\/\\\/www.laocoonteshoes.com\\\/cookie-policy\\\/\",\"name\":\"Cookie Policy - Laocoonte Shoes\",\"isPartOf\":{\"@id\":\"https:\\\/\\\/www.laocoonteshoes.com\\\/#website\"},\"datePublished\":\"2021-01-14T08:25:14+00:00\",\"dateModified\":\"2021-01-19T11:11:12+00:00\",\"breadcrumb\":{\"@id\":\"https:\\\/\\\/www.laocoonteshoes.com\\\/cookie-policy\\\/#breadcrumb\"},\"inLanguage\":\"es\",\"potentialAction\":[{\"@type\":\"ReadAction\",\"target\":[\"https:\\\/\\\/www.laocoonteshoes.com\\\/cookie-policy\\\/\"]}]},{\"@type\":\"BreadcrumbList\",\"@id\":\"https:\\\/\\\/www.laocoonteshoes.com\\\/cookie-policy\\\/#breadcrumb\",\"itemListElement\":[{\"@type\":\"ListItem\",\"position\":1,\"name\":\"Home\",\"item\":\"https:\\\/\\\/www.laocoonteshoes.com\\\/\"},{\"@type\":\"ListItem\",\"position\":2,\"name\":\"Cookie Policy\"}]},{\"@type\":\"WebSite\",\"@id\":\"https:\\\/\\\/www.laocoonteshoes.com\\\/#website\",\"url\":\"https:\\\/\\\/www.laocoonteshoes.com\\\/\",\"name\":\"Laocoonte Shoes\",\"description\":\"Every shoe has a story\",\"publisher\":{\"@id\":\"https:\\\/\\\/www.laocoonteshoes.com\\\/#organization\"},\"potentialAction\":[{\"@type\":\"SearchAction\",\"target\":{\"@type\":\"EntryPoint\",\"urlTemplate\":\"https:\\\/\\\/www.laocoonteshoes.com\\\/?s={search_term_string}\"},\"query-input\":{\"@type\":\"PropertyValueSpecification\",\"valueRequired\":true,\"valueName\":\"search_term_string\"}}],\"inLanguage\":\"es\"},{\"@type\":\"Organization\",\"@id\":\"https:\\\/\\\/www.laocoonteshoes.com\\\/#organization\",\"name\":\"Laocoonte Shoes\",\"url\":\"https:\\\/\\\/www.laocoonteshoes.com\\\/\",\"logo\":{\"@type\":\"ImageObject\",\"inLanguage\":\"es\",\"@id\":\"https:\\\/\\\/www.laocoonteshoes.com\\\/#\\\/schema\\\/logo\\\/image\\\/\",\"url\":\"https:\\\/\\\/www.laocoonteshoes.com\\\/wp-content\\\/uploads\\\/2024\\\/04\\\/logo-laocoonte.png.webp\",\"contentUrl\":\"https:\\\/\\\/www.laocoonteshoes.com\\\/wp-content\\\/uploads\\\/2024\\\/04\\\/logo-laocoonte.png.webp\",\"width\":200,\"height\":36,\"caption\":\"Laocoonte Shoes\"},\"image\":{\"@id\":\"https:\\\/\\\/www.laocoonteshoes.com\\\/#\\\/schema\\\/logo\\\/image\\\/\"},\"sameAs\":[\"https:\\\/\\\/www.facebook.com\\\/LAOCOONTESHOES\\\/\",\"https:\\\/\\\/www.instagram.com\\\/laocoonte_es\\\/\"]}]}<\/script>\n<!-- \/ Yoast SEO plugin. -->","yoast_head_json":{"title":"Cookie Policy - Laocoonte Shoes","robots":{"index":"index","follow":"follow","max-snippet":"max-snippet:-1","max-image-preview":"max-image-preview:large","max-video-preview":"max-video-preview:-1"},"canonical":"https:\/\/www.laocoonteshoes.com\/es\/cookie-policy\/","og_locale":"es_ES","og_type":"article","og_title":"Cookie Policy - Laocoonte Shoes","og_description":"COOKIE POLICY In compliance with Article 22 of Law 34\/2002, of July 11, on Information Society Services and Electronic Commerce (LSSI), in relation to Regulation (EU) 2016\/679 of the European Parliament and of the Council, of April 27, 2016, General Data Protection (RGPD) and OrganicLaw 3\/2018, of December 5, Data&hellip;","og_url":"https:\/\/www.laocoonteshoes.com\/es\/cookie-policy\/","og_site_name":"Laocoonte Shoes","article_publisher":"https:\/\/www.facebook.com\/LAOCOONTESHOES\/","article_modified_time":"2021-01-19T11:11:12+00:00","twitter_card":"summary_large_image","twitter_misc":{"Tiempo de lectura":"5 minutos"},"schema":{"@context":"https:\/\/schema.org","@graph":[{"@type":"WebPage","@id":"https:\/\/www.laocoonteshoes.com\/cookie-policy\/","url":"https:\/\/www.laocoonteshoes.com\/cookie-policy\/","name":"Cookie Policy - Laocoonte Shoes","isPartOf":{"@id":"https:\/\/www.laocoonteshoes.com\/#website"},"datePublished":"2021-01-14T08:25:14+00:00","dateModified":"2021-01-19T11:11:12+00:00","breadcrumb":{"@id":"https:\/\/www.laocoonteshoes.com\/cookie-policy\/#breadcrumb"},"inLanguage":"es","potentialAction":[{"@type":"ReadAction","target":["https:\/\/www.laocoonteshoes.com\/cookie-policy\/"]}]},{"@type":"BreadcrumbList","@id":"https:\/\/www.laocoonteshoes.com\/cookie-policy\/#breadcrumb","itemListElement":[{"@type":"ListItem","position":1,"name":"Home","item":"https:\/\/www.laocoonteshoes.com\/"},{"@type":"ListItem","position":2,"name":"Cookie Policy"}]},{"@type":"WebSite","@id":"https:\/\/www.laocoonteshoes.com\/#website","url":"https:\/\/www.laocoonteshoes.com\/","name":"Laocoonte Shoes","description":"Every shoe has a story","publisher":{"@id":"https:\/\/www.laocoonteshoes.com\/#organization"},"potentialAction":[{"@type":"SearchAction","target":{"@type":"EntryPoint","urlTemplate":"https:\/\/www.laocoonteshoes.com\/?s={search_term_string}"},"query-input":{"@type":"PropertyValueSpecification","valueRequired":true,"valueName":"search_term_string"}}],"inLanguage":"es"},{"@type":"Organization","@id":"https:\/\/www.laocoonteshoes.com\/#organization","name":"Laocoonte Shoes","url":"https:\/\/www.laocoonteshoes.com\/","logo":{"@type":"ImageObject","inLanguage":"es","@id":"https:\/\/www.laocoonteshoes.com\/#\/schema\/logo\/image\/","url":"https:\/\/www.laocoonteshoes.com\/wp-content\/uploads\/2024\/04\/logo-laocoonte.png.webp","contentUrl":"https:\/\/www.laocoonteshoes.com\/wp-content\/uploads\/2024\/04\/logo-laocoonte.png.webp","width":200,"height":36,"caption":"Laocoonte Shoes"},"image":{"@id":"https:\/\/www.laocoonteshoes.com\/#\/schema\/logo\/image\/"},"sameAs":["https:\/\/www.facebook.com\/LAOCOONTESHOES\/","https:\/\/www.instagram.com\/laocoonte_es\/"]}]}},"_links":{"self":[{"href":"https:\/\/www.laocoonteshoes.com\/es\/wp-json\/wp\/v2\/pages\/4377","targetHints":{"allow":["GET"]}}],"collection":[{"href":"https:\/\/www.laocoonteshoes.com\/es\/wp-json\/wp\/v2\/pages"}],"about":[{"href":"https:\/\/www.laocoonteshoes.com\/es\/wp-json\/wp\/v2\/types\/page"}],"author":[{"embeddable":true,"href":"https:\/\/www.laocoonteshoes.com\/es\/wp-json\/wp\/v2\/users\/1"}],"replies":[{"embeddable":true,"href":"https:\/\/www.laocoonteshoes.com\/es\/wp-json\/wp\/v2\/comments?post=4377"}],"version-history":[{"count":7,"href":"https:\/\/www.laocoonteshoes.com\/es\/wp-json\/wp\/v2\/pages\/4377\/revisions"}],"predecessor-version":[{"id":4461,"href":"https:\/\/www.laocoonteshoes.com\/es\/wp-json\/wp\/v2\/pages\/4377\/revisions\/4461"}],"wp:attachment":[{"href":"https:\/\/www.laocoonteshoes.com\/es\/wp-json\/wp\/v2\/media?parent=4377"}],"curies":[{"name":"wp","href":"https:\/\/api.w.org\/{rel}","templated":true}]}}