{"id":57,"date":"2019-03-17T15:40:42","date_gmt":"2019-03-17T15:40:42","guid":{"rendered":"https:\/\/goya.everthemes.com\/demo-fashion\/?page_id=57"},"modified":"2023-02-23T09:58:36","modified_gmt":"2023-02-23T08:58:36","slug":"faqs","status":"publish","type":"page","link":"https:\/\/www.laocoonteshoes.com\/es\/faqs\/","title":{"rendered":"PREGUNTAS FRECUENTES"},"content":{"rendered":"<div class=\"wpb-content-wrapper\"><div  class=\"sec_row container\"><div class=\"vc_row wpb_row vc_row-fluid vc_custom_1579116490670\"><div class=\"wpb_column vc_column_container vc_col-sm-12 vc_col-lg-offset-1 vc_col-lg-3 et-dark-column\"><div class=\"vc_column-inner\"><div class=\"wpb_wrapper\">\n\t<div class=\"wpb_text_column wpb_content_element   vc_custom_1562722170105\" >\n\t\t<div class=\"wpb_wrapper\">\n\t\t\t<h1>PREGUNTAS FRECUENTES<\/h1>\n<h4>Most frequently asked questions<\/h4>\n\n\t\t<\/div>\n\t<\/div>\n<div class=\"vc_empty_space\"   style=\"height: 32px\"><span class=\"vc_empty_space_inner\"><\/span><\/div><\/div><\/div><\/div><div class=\"wpb_column vc_column_container vc_col-sm-12 vc_col-lg-6 et-dark-column\"><div class=\"vc_column-inner\"><div class=\"wpb_wrapper\"><div class=\"vc_tta-container\" data-vc-action=\"collapse\"><div class=\"vc_general vc_tta vc_tta-accordion vc_tta-o-shape-group vc_tta-controls-align-left\"><div class=\"vc_tta-panels-container\"><div class=\"vc_tta-panels\"><div class=\"vc_tta-panel vc_active\" id=\"1522322738673-aea3abb5-b800fe1b-0bf9\" data-vc-content=\".vc_tta-panel-body\"><div class=\"vc_tta-panel-heading\"><h4 class=\"vc_tta-panel-title vc_tta-controls-icon-position-left\"><a href=\"#1522322738673-aea3abb5-b800fe1b-0bf9\" data-vc-accordion data-vc-container=\".vc_tta-container\"><span class=\"vc_tta-title-text\">\u00bfC\u00f3mo puedo realizar una compra en Laocoonte?<\/span><i class=\"vc_tta-controls-icon vc_tta-controls-icon-plus\"><\/i><\/a><\/h4><\/div><div class=\"vc_tta-panel-body\">\n\t<div class=\"wpb_text_column wpb_content_element\" >\n\t\t<div class=\"wpb_wrapper\">\n\t\t\t<p><span style=\"font-weight: 400;\">Comprar en nuestra <strong><strong>TIENDA ONLINE<\/strong><\/strong> es muy sencillo, solo tendr\u00e1s que seguir los siguientes pasos:<\/span><\/p>\n<ol>\n<li style=\"font-weight: 400;\" aria-level=\"1\"><span style=\"font-weight: 400;\">Haz click sobre la imagen del producto que desees. As\u00ed podr\u00e1s ver la disponibilidad de color, talla. A continuaci\u00f3n, clicka en <strong><strong> A\u00d1ADIR AL CARRITO<\/strong><\/strong><\/span><\/li>\n<li style=\"font-weight: 400;\" aria-level=\"1\"><span style=\"font-weight: 400;\">A continuaci\u00f3n, podr\u00e1s clickar en <strong><strong>CONTINUAR COMPRANDO  <\/strong><\/strong> si deseas a\u00f1adir m\u00e1s art\u00edculos a tu cesta o bien, <strong><strong> TRAMITAR PEDIDO<\/strong><\/strong> para finalizar la compra.<\/span><\/li>\n<li style=\"font-weight: 400;\" aria-level=\"1\"><span style=\"font-weight: 400;\">Cuando pinchas en <strong><strong> TRAMITAR PEDIDO<\/strong><\/strong> podr\u00e1s visualizar un resumen de tu carrito de compra, con todos los art\u00edculos a\u00f1adidos y el importe de cada uno de ellos. Podr\u00e1s a\u00f1adir o eliminar n\u00famero de art\u00edculos. Ser\u00e1 en este paso donde, si dispones de un c\u00f3digo de descuento, podr\u00e1s introducirlo en la casilla de <strong><strong>  APLICAR CUP\u00d3N<\/strong>.<\/strong> box.<\/span><\/li>\n<li style=\"font-weight: 400;\" aria-level=\"1\"><span style=\"font-weight: 400;\">A continuaci\u00f3n, podr\u00e1s seleccionar si realizar el pedido con tu cuenta Laocoonte, hacerlo como invitado o bien, registrarte con nosotros.<\/span><\/li>\n<li style=\"font-weight: 400;\" aria-level=\"1\"><span style=\"font-weight: 400;\">Si tu opci\u00f3n es <strong><strong> REGISTRARTE <\/strong><\/strong> en Laocoonte, los futuros pedidos ser\u00e1n m\u00e1s r\u00e1pidos ya que tendr\u00e1s una cuenta personal y contrase\u00f1a, adem\u00e1s de disfrutar de descuentos y promociones. Si eliges INVITADO no ser\u00e1 necesario generar una contrase\u00f1a.<\/span><\/li>\n<li style=\"font-weight: 400;\" aria-level=\"1\"><span style=\"font-weight: 400;\">\u00a0Ahora, tendr\u00e1s que rellenar tus <strong><strong> DATOS PERSONALES <\/strong><\/strong> on la direcci\u00f3n de env\u00edo, direcci\u00f3n de facturaci\u00f3n y clickar en<strong> <strong>CONTINUAR  <\/strong><\/strong>.<\/span><\/li>\n<li style=\"font-weight: 400;\" aria-level=\"1\"><span style=\"font-weight: 400;\">En este paso debes elegir el <strong><strong> M\u00c9TODO DE ENV\u00cdO <\/strong><\/strong>Tambi\u00e9n puedes indicar si quieres el pedido envuelto para<strong> <strong> REGALO <\/strong><\/strong>.<\/span><\/li>\n<li style=\"font-weight: 400;\" aria-level=\"1\"><span style=\"font-weight: 400;\">\u00a0A continuaci\u00f3n, elige el <strong><strong>M\u00c9TODO DE PAGO  <\/strong><\/strong>.Ser\u00e1 posible realizarlo mediante tarjeta de d\u00e9bito o cr\u00e9dito o Paypal.<\/span><\/li>\n<li style=\"font-weight: 400;\" aria-level=\"1\"><span style=\"font-weight: 400;\">Por \u00faltimo, clickar en <strong><strong>FINALIZAR PEDIDO  <\/strong><\/strong>.Una vez pulses este bot\u00f3n recibir\u00e1s un email de confirmaci\u00f3n. Cuando tus zapatos salgan de nuestra f\u00e1brica recibir\u00e1s otro correo con el n\u00famero de seguimiento para que los tengas localizados hasta recibirlos.<\/span><\/li>\n<\/ol>\n<p><span style=\"font-weight: 400;\">Cualquier duda puedes ponerte en contacto con nosotros en el tel\u00e9fono 965483677 o bien, escribi\u00e9ndonos a <\/span><a href=\"mailto:shop@laocoonteshoes.com\"><span style=\"font-weight: 400;\">shop@laocoonteshoes.com<\/span><\/a><span style=\"font-weight: 400;\">\u00a0<\/span><\/p>\n\n\t\t<\/div>\n\t<\/div>\n<\/div><\/div><div class=\"vc_tta-panel\" id=\"1522322738697-88e8c59b-62ccfe1b-0bf9\" data-vc-content=\".vc_tta-panel-body\"><div class=\"vc_tta-panel-heading\"><h4 class=\"vc_tta-panel-title vc_tta-controls-icon-position-left\"><a href=\"#1522322738697-88e8c59b-62ccfe1b-0bf9\" data-vc-accordion data-vc-container=\".vc_tta-container\"><span class=\"vc_tta-title-text\">\u00bfC\u00f3mo hacer un cambio o devoluci\u00f3n?<\/span><i class=\"vc_tta-controls-icon vc_tta-controls-icon-plus\"><\/i><\/a><\/h4><\/div><div class=\"vc_tta-panel-body\">\n\t<div class=\"wpb_text_column wpb_content_element\" >\n\t\t<div class=\"wpb_wrapper\">\n\t\t\t<p>Nuestros cambios y devoluciones son <strong><strong> GRATUITOS <\/strong><\/strong><span class=\"s1\"> solamente en Espa\u00f1a y Europa.<\/span><\/p>\n<p>Accede a tu cuenta a trav\u00e9s de nuestra tienda online. Si has realizado tu compra como <strong><strong>INVITADO<\/strong><\/strong> escr\u00edbenos a shop@laocoonteshoes.com  y te daremos claves de acceso. Una vez hayas accedido pincha en <strong><strong>REALIZAR UN CAMBIO O DEVOLUCI\u00d3N<\/strong><\/strong>. Despu\u00e9s ind\u00edcanos el motivo de la devoluci\u00f3n:<\/p>\n<p>Si es <strong>UN <strong>CAMBIO<\/strong><\/strong> de talla: especifica la talla que necesitas y te haremos el env\u00edo una vez hayamos recibido el anterior.  En caso de no haber existencias de la  nueva talla solicitada, nos pondremos en contacto contigo para ofrecerte una alternativa.<\/p>\n<p>Si es<strong> <strong>DEVOLUCI\u00d3N<\/strong><\/strong>:pincha en <strong><strong>DEVOLUCI\u00d3N<\/strong><\/strong>.<\/p>\n<p>Cuando confirmemos la solicitud de <strong><strong>DEVOLUCI\u00d3N<\/strong><\/strong> recibir\u00e1s un correo por parte de la empresa de mensajer\u00eda. Tendr\u00e1s que seguir sus instrucciones para que realicen la <strong><strong>RECOGIDA<\/strong><\/strong>.<\/p>\n<p>Toda devoluci\u00f3n deber\u00e1 realizarse en perfectas condiciones, con la caja original. Una vez recibido el producto en nuestra f\u00e1brica, te enviaremos un correo inform\u00e1ndote que hemos recibido el paquete y todo est\u00e1 correcto y procederemos a enviar el nuevo art\u00edculo si has solicitado la devoluci\u00f3n para cambio, o realizaremos el reembolso en un plazo de 7 a 14 d\u00edas en la misma forma en que se realiz\u00f3 el pago.<\/p>\n\n\t\t<\/div>\n\t<\/div>\n<\/div><\/div><div class=\"vc_tta-panel\" id=\"1610437720275-e5358834-99db\" data-vc-content=\".vc_tta-panel-body\"><div class=\"vc_tta-panel-heading\"><h4 class=\"vc_tta-panel-title vc_tta-controls-icon-position-left\"><a href=\"#1610437720275-e5358834-99db\" data-vc-accordion data-vc-container=\".vc_tta-container\"><span class=\"vc_tta-title-text\">\u00bfC\u00f3mo puedo comprobar el estado del pedido?<\/span><i class=\"vc_tta-controls-icon vc_tta-controls-icon-plus\"><\/i><\/a><\/h4><\/div><div class=\"vc_tta-panel-body\">\n\t<div class=\"wpb_text_column wpb_content_element\" >\n\t\t<div class=\"wpb_wrapper\">\n\t\t\t<p><span style=\"font-weight: 400;\">Puedes comprobar el estado de tu pedido entrando a 'Mi Cuenta' en el apartado de 'Mis Pedidos'. Si ya ha salido de nuestra f\u00e1brica y has recibido el mail con el n\u00famero de seguimiento ser\u00e1 a trav\u00e9s del enlace que te hemos facilitado donde podr\u00e1s seguir de cerca tu paquete.<\/span><\/p>\n\n\t\t<\/div>\n\t<\/div>\n<\/div><\/div><div class=\"vc_tta-panel\" id=\"1610438009980-69d1d030-0c42\" data-vc-content=\".vc_tta-panel-body\"><div class=\"vc_tta-panel-heading\"><h4 class=\"vc_tta-panel-title vc_tta-controls-icon-position-left\"><a href=\"#1610438009980-69d1d030-0c42\" data-vc-accordion data-vc-container=\".vc_tta-container\"><span class=\"vc_tta-title-text\">\u00bfCu\u00e1l es el plazo de devoluci\u00f3n?<\/span><i class=\"vc_tta-controls-icon vc_tta-controls-icon-plus\"><\/i><\/a><\/h4><\/div><div class=\"vc_tta-panel-body\">\n\t<div class=\"wpb_text_column wpb_content_element\" >\n\t\t<div class=\"wpb_wrapper\">\n\t\t\t<p><span style=\"font-weight: 400;\">El plazo de devoluci\u00f3n ser\u00e1 de 30 d\u00edas.<\/span><\/p>\n\n\t\t<\/div>\n\t<\/div>\n<\/div><\/div><div class=\"vc_tta-panel\" id=\"1610438082565-f90e2bd6-02ae\" data-vc-content=\".vc_tta-panel-body\"><div class=\"vc_tta-panel-heading\"><h4 class=\"vc_tta-panel-title vc_tta-controls-icon-position-left\"><a href=\"#1610438082565-f90e2bd6-02ae\" data-vc-accordion data-vc-container=\".vc_tta-container\"><span class=\"vc_tta-title-text\">\u00bfQu\u00e9 garant\u00edas tiene el producto?<\/span><i class=\"vc_tta-controls-icon vc_tta-controls-icon-plus\"><\/i><\/a><\/h4><\/div><div class=\"vc_tta-panel-body\">\n\t<div class=\"wpb_text_column wpb_content_element\" >\n\t\t<div class=\"wpb_wrapper\">\n\t\t\t<p><span style=\"font-weight: 400;\">Todos nuestros productos tienen   2 a\u00f1os  de garant\u00eda desde la fecha de compra del producto ante cualquier defecto de fabricaci\u00f3n. Es importante tener en cuenta, que la garant\u00eda de nuestros productos no contempla aquellos da\u00f1os ocasionados por un uso indebido.<\/span><\/p>\n<p><span style=\"font-weight: 400;\">Una vez que hayamos recibido la incidencia, revisaremos el estado del producto da\u00f1ado y te ofreceremos la mejor soluci\u00f3n de acuerdo al da\u00f1o del producto; seg\u00fan consideremos esto podr\u00e1 ser: reparaci\u00f3n o sustituci\u00f3n por otro nuevo. En caso de tener que proceder a realizar un abono del producto nos pondremos en contacto contigo para que nos facilites tu IBAN bancario.<\/span><\/p>\n\n\t\t<\/div>\n\t<\/div>\n<\/div><\/div><div class=\"vc_tta-panel\" id=\"1610438165883-06fe9b2d-f9de\" data-vc-content=\".vc_tta-panel-body\"><div class=\"vc_tta-panel-heading\"><h4 class=\"vc_tta-panel-title vc_tta-controls-icon-position-left\"><a href=\"#1610438165883-06fe9b2d-f9de\" data-vc-accordion data-vc-container=\".vc_tta-container\"><span class=\"vc_tta-title-text\">C\u00f3mo utilizar un c\u00f3digo de descuento<\/span><i class=\"vc_tta-controls-icon vc_tta-controls-icon-plus\"><\/i><\/a><\/h4><\/div><div class=\"vc_tta-panel-body\">\n\t<div class=\"wpb_text_column wpb_content_element\" >\n\t\t<div class=\"wpb_wrapper\">\n\t\t\t<p><span style=\"font-weight: 400;\">Al finalizar, revisa el <strong><strong>CARRITO <\/strong><\/strong> ver\u00e1s una casilla en la parte inferior donde podr\u00e1s introducir el <strong><strong>CUP\u00d3N DE DESCUENTO<\/strong><\/strong> y se aplicar\u00e1 antes de realizar el <strong><strong>PAGO<\/strong><\/strong>.<\/span><\/p>\n\n\t\t<\/div>\n\t<\/div>\n<\/div><\/div><div class=\"vc_tta-panel\" id=\"1610438222473-194f9f38-0567\" data-vc-content=\".vc_tta-panel-body\"><div class=\"vc_tta-panel-heading\"><h4 class=\"vc_tta-panel-title vc_tta-controls-icon-position-left\"><a href=\"#1610438222473-194f9f38-0567\" data-vc-accordion data-vc-container=\".vc_tta-container\"><span class=\"vc_tta-title-text\">He olvidado la contrase\u00f1a<\/span><i class=\"vc_tta-controls-icon vc_tta-controls-icon-plus\"><\/i><\/a><\/h4><\/div><div class=\"vc_tta-panel-body\">\n\t<div class=\"wpb_text_column wpb_content_element\" >\n\t\t<div class=\"wpb_wrapper\">\n\t\t\t<p><span style=\"font-weight: 400;\">Si has olvidado tu contrase\u00f1a, puedes hacer click en <strong><strong>\u00bfOLVID\u00d3 SU CONTRASE\u00d1A?<\/strong><\/strong> en nuestra p\u00e1gina de inicio de sesi\u00f3n, y recibir\u00e1s un correo electr\u00f3nico con c\u00f3digo de acceso para que puedas entrar y restablecerla.<\/span><\/p>\n<p><span style=\"font-weight: 400;\">Puedes enviarnos cualquier duda o consulta a shop@laocoonteshoes.com o bien, si prefieres llamarnos al 965483677.<\/span><\/p>\n\n\t\t<\/div>\n\t<\/div>\n<\/div><\/div><\/div><\/div><\/div><\/div><\/div><\/div><\/div><\/div><\/div><div  class=\"sec_row container\"><div class=\"vc_row wpb_row vc_row-fluid vc_custom_1579116504661\"><div class=\"wpb_column vc_column_container vc_col-sm-12 vc_col-lg-6 et-dark-column\"><div class=\"vc_column-inner\"><div class=\"wpb_wrapper\"><\/div><\/div><\/div><\/div><\/div><div  class=\"sec_row container-fluid\"><div class=\"vc_row wpb_row vc_row-fluid no-padding vc_custom_1588132282993 vc_row-has-fill\"><div class=\"wpb_column vc_column_container vc_col-sm-12 et-dark-column\"><div class=\"vc_column-inner\"><div class=\"wpb_wrapper\"><div class=\"vc_row wpb_row vc_inner vc_row-fluid max_width vc_row-o-content-middle vc_row-flex\"><div class=\"wpb_column vc_column_container vc_col-sm-12 vc_col-lg-offset-1 vc_col-lg-6 et-dark-column\"><div class=\"vc_column-inner\"><div class=\"wpb_wrapper\">\n\t<div class=\"wpb_text_column wpb_content_element   postline-large accent-color fancy-title\" >\n\t\t<div class=\"wpb_wrapper\">\n\t\t\t<h6>Contacto<\/h6>\n\n\t\t<\/div>\n\t<\/div>\n\n\t<div class=\"wpb_text_column wpb_content_element\" >\n\t\t<div class=\"wpb_wrapper\">\n\t\t\t<h2>\u00bfTienes alguna pregunta m\u00e1s?<\/h2>\n\n\t\t<\/div>\n\t<\/div>\n<\/div><\/div><\/div><div class=\"wpb_column vc_column_container vc_col-sm-12 vc_col-lg-3 et-dark-column\"><div class=\"vc_column-inner\"><div class=\"wpb_wrapper\">\t\t<div id=\"et-button-69f76d1cd055f\" class=\"et_btn_align_center animation bottom-to-top\">\n\t\t\t<a href=\"\/es\/contact\/\" class=\"et_btn button et_btn_md solid color-  arrow-enabled\"  role=\"button\" title=\"Contacta con nosotros\" ><span>Contacta con nosotros<\/span><svg xmlns=\"http:\/\/www.w3.org\/2000\/svg\" xmlns:xlink=\"http:\/\/www.w3.org\/1999\/xlink\" x=\"0px\" y=\"0px\"\r\n\t width=\"30px\" height=\"18px\" viewbox=\"0 0 30 18\" enable-background=\"new 0 0 30 18\" xml:space=\"preserve\">\r\n<path class=\"handle\" d=\"M20.305,16.212c-0.407,0.409-0.407,1.071,0,1.479s1.068,0.408,1.476,0l7.914-7.952c0.408-0.409,0.408-1.071,0-1.481\tl-7.914-7.952c-0.407-0.409-1.068-0.409-1.476,0s-0.407,1.071,0,1.48l7.185,7.221L20.305,16.212z\"\/>\r\n<path class=\"bar\" fill-rule=\"evenodd\" clip-rule=\"evenodd\" d=\"M1,8h28.001c0.551,0,1,0.448,1,1c0,0.553-0.449,1-1,1H1c-0.553,0-1-0.447-1-1\tC0,8.448,0.447,8,1,8z\"\/>\r\n<\/svg>\r\n<\/a>\n\t\t<\/div>\n\t\t\n\t<\/div><\/div><\/div><\/div><\/div><\/div><\/div><\/div><\/div>\n<\/div>","protected":false},"excerpt":{"rendered":"FAQ's Most frequently asked questions How can I place an order on Laocoonte Online Store? Buying in our ONLINE STORE is very simple, you just have to follow the following steps: Click on the image of the product you want. So you can see the availability of color, size. Then&hellip;","protected":false},"author":1,"featured_media":0,"parent":0,"menu_order":0,"comment_status":"closed","ping_status":"closed","template":"","meta":{"footnotes":""},"class_list":["post-57","page","type-page","status-publish","hentry"],"yoast_head":"<!-- This site is optimized with the Yoast SEO plugin v27.4 - https:\/\/yoast.com\/product\/yoast-seo-wordpress\/ -->\n<title>FAQ&#039;s - Laocoonte Shoes<\/title>\n<meta name=\"robots\" content=\"index, follow, max-snippet:-1, max-image-preview:large, max-video-preview:-1\" \/>\n<link rel=\"canonical\" href=\"https:\/\/www.laocoonteshoes.com\/es\/faqs\/\" \/>\n<meta property=\"og:locale\" content=\"es_ES\" \/>\n<meta property=\"og:type\" content=\"article\" \/>\n<meta property=\"og:title\" content=\"FAQ&#039;s - Laocoonte Shoes\" \/>\n<meta property=\"og:url\" content=\"https:\/\/www.laocoonteshoes.com\/es\/faqs\/\" \/>\n<meta property=\"og:site_name\" content=\"Laocoonte Shoes\" \/>\n<meta property=\"article:publisher\" content=\"https:\/\/www.facebook.com\/LAOCOONTESHOES\/\" \/>\n<meta property=\"article:modified_time\" content=\"2023-02-23T08:58:36+00:00\" \/>\n<meta name=\"twitter:card\" content=\"summary_large_image\" \/>\n<meta name=\"twitter:label1\" content=\"Tiempo de lectura\" \/>\n\t<meta name=\"twitter:data1\" content=\"4 minutos\" \/>\n<script type=\"application\/ld+json\" class=\"yoast-schema-graph\">{\"@context\":\"https:\\\/\\\/schema.org\",\"@graph\":[{\"@type\":\"WebPage\",\"@id\":\"https:\\\/\\\/www.laocoonteshoes.com\\\/faqs\\\/\",\"url\":\"https:\\\/\\\/www.laocoonteshoes.com\\\/faqs\\\/\",\"name\":\"FAQ's - Laocoonte Shoes\",\"isPartOf\":{\"@id\":\"https:\\\/\\\/www.laocoonteshoes.com\\\/#website\"},\"datePublished\":\"2019-03-17T15:40:42+00:00\",\"dateModified\":\"2023-02-23T08:58:36+00:00\",\"breadcrumb\":{\"@id\":\"https:\\\/\\\/www.laocoonteshoes.com\\\/faqs\\\/#breadcrumb\"},\"inLanguage\":\"es\",\"potentialAction\":[{\"@type\":\"ReadAction\",\"target\":[\"https:\\\/\\\/www.laocoonteshoes.com\\\/faqs\\\/\"]}]},{\"@type\":\"BreadcrumbList\",\"@id\":\"https:\\\/\\\/www.laocoonteshoes.com\\\/faqs\\\/#breadcrumb\",\"itemListElement\":[{\"@type\":\"ListItem\",\"position\":1,\"name\":\"Home\",\"item\":\"https:\\\/\\\/www.laocoonteshoes.com\\\/\"},{\"@type\":\"ListItem\",\"position\":2,\"name\":\"FAQ&#8217;s\"}]},{\"@type\":\"WebSite\",\"@id\":\"https:\\\/\\\/www.laocoonteshoes.com\\\/#website\",\"url\":\"https:\\\/\\\/www.laocoonteshoes.com\\\/\",\"name\":\"Laocoonte Shoes\",\"description\":\"Every shoe has a story\",\"publisher\":{\"@id\":\"https:\\\/\\\/www.laocoonteshoes.com\\\/#organization\"},\"potentialAction\":[{\"@type\":\"SearchAction\",\"target\":{\"@type\":\"EntryPoint\",\"urlTemplate\":\"https:\\\/\\\/www.laocoonteshoes.com\\\/?s={search_term_string}\"},\"query-input\":{\"@type\":\"PropertyValueSpecification\",\"valueRequired\":true,\"valueName\":\"search_term_string\"}}],\"inLanguage\":\"es\"},{\"@type\":\"Organization\",\"@id\":\"https:\\\/\\\/www.laocoonteshoes.com\\\/#organization\",\"name\":\"Laocoonte Shoes\",\"url\":\"https:\\\/\\\/www.laocoonteshoes.com\\\/\",\"logo\":{\"@type\":\"ImageObject\",\"inLanguage\":\"es\",\"@id\":\"https:\\\/\\\/www.laocoonteshoes.com\\\/#\\\/schema\\\/logo\\\/image\\\/\",\"url\":\"https:\\\/\\\/www.laocoonteshoes.com\\\/wp-content\\\/uploads\\\/2024\\\/04\\\/logo-laocoonte.png.webp\",\"contentUrl\":\"https:\\\/\\\/www.laocoonteshoes.com\\\/wp-content\\\/uploads\\\/2024\\\/04\\\/logo-laocoonte.png.webp\",\"width\":200,\"height\":36,\"caption\":\"Laocoonte Shoes\"},\"image\":{\"@id\":\"https:\\\/\\\/www.laocoonteshoes.com\\\/#\\\/schema\\\/logo\\\/image\\\/\"},\"sameAs\":[\"https:\\\/\\\/www.facebook.com\\\/LAOCOONTESHOES\\\/\",\"https:\\\/\\\/www.instagram.com\\\/laocoonte_es\\\/\"]}]}<\/script>\n<!-- \/ Yoast SEO plugin. -->","yoast_head_json":{"title":"FAQ's - Laocoonte Shoes","robots":{"index":"index","follow":"follow","max-snippet":"max-snippet:-1","max-image-preview":"max-image-preview:large","max-video-preview":"max-video-preview:-1"},"canonical":"https:\/\/www.laocoonteshoes.com\/es\/faqs\/","og_locale":"es_ES","og_type":"article","og_title":"FAQ's - Laocoonte Shoes","og_url":"https:\/\/www.laocoonteshoes.com\/es\/faqs\/","og_site_name":"Laocoonte Shoes","article_publisher":"https:\/\/www.facebook.com\/LAOCOONTESHOES\/","article_modified_time":"2023-02-23T08:58:36+00:00","twitter_card":"summary_large_image","twitter_misc":{"Tiempo de lectura":"4 minutos"},"schema":{"@context":"https:\/\/schema.org","@graph":[{"@type":"WebPage","@id":"https:\/\/www.laocoonteshoes.com\/faqs\/","url":"https:\/\/www.laocoonteshoes.com\/faqs\/","name":"FAQ's - Laocoonte Shoes","isPartOf":{"@id":"https:\/\/www.laocoonteshoes.com\/#website"},"datePublished":"2019-03-17T15:40:42+00:00","dateModified":"2023-02-23T08:58:36+00:00","breadcrumb":{"@id":"https:\/\/www.laocoonteshoes.com\/faqs\/#breadcrumb"},"inLanguage":"es","potentialAction":[{"@type":"ReadAction","target":["https:\/\/www.laocoonteshoes.com\/faqs\/"]}]},{"@type":"BreadcrumbList","@id":"https:\/\/www.laocoonteshoes.com\/faqs\/#breadcrumb","itemListElement":[{"@type":"ListItem","position":1,"name":"Home","item":"https:\/\/www.laocoonteshoes.com\/"},{"@type":"ListItem","position":2,"name":"FAQ&#8217;s"}]},{"@type":"WebSite","@id":"https:\/\/www.laocoonteshoes.com\/#website","url":"https:\/\/www.laocoonteshoes.com\/","name":"Laocoonte Shoes","description":"Every shoe has a story","publisher":{"@id":"https:\/\/www.laocoonteshoes.com\/#organization"},"potentialAction":[{"@type":"SearchAction","target":{"@type":"EntryPoint","urlTemplate":"https:\/\/www.laocoonteshoes.com\/?s={search_term_string}"},"query-input":{"@type":"PropertyValueSpecification","valueRequired":true,"valueName":"search_term_string"}}],"inLanguage":"es"},{"@type":"Organization","@id":"https:\/\/www.laocoonteshoes.com\/#organization","name":"Laocoonte Shoes","url":"https:\/\/www.laocoonteshoes.com\/","logo":{"@type":"ImageObject","inLanguage":"es","@id":"https:\/\/www.laocoonteshoes.com\/#\/schema\/logo\/image\/","url":"https:\/\/www.laocoonteshoes.com\/wp-content\/uploads\/2024\/04\/logo-laocoonte.png.webp","contentUrl":"https:\/\/www.laocoonteshoes.com\/wp-content\/uploads\/2024\/04\/logo-laocoonte.png.webp","width":200,"height":36,"caption":"Laocoonte Shoes"},"image":{"@id":"https:\/\/www.laocoonteshoes.com\/#\/schema\/logo\/image\/"},"sameAs":["https:\/\/www.facebook.com\/LAOCOONTESHOES\/","https:\/\/www.instagram.com\/laocoonte_es\/"]}]}},"_links":{"self":[{"href":"https:\/\/www.laocoonteshoes.com\/es\/wp-json\/wp\/v2\/pages\/57","targetHints":{"allow":["GET"]}}],"collection":[{"href":"https:\/\/www.laocoonteshoes.com\/es\/wp-json\/wp\/v2\/pages"}],"about":[{"href":"https:\/\/www.laocoonteshoes.com\/es\/wp-json\/wp\/v2\/types\/page"}],"author":[{"embeddable":true,"href":"https:\/\/www.laocoonteshoes.com\/es\/wp-json\/wp\/v2\/users\/1"}],"replies":[{"embeddable":true,"href":"https:\/\/www.laocoonteshoes.com\/es\/wp-json\/wp\/v2\/comments?post=57"}],"version-history":[{"count":16,"href":"https:\/\/www.laocoonteshoes.com\/es\/wp-json\/wp\/v2\/pages\/57\/revisions"}],"predecessor-version":[{"id":8184,"href":"https:\/\/www.laocoonteshoes.com\/es\/wp-json\/wp\/v2\/pages\/57\/revisions\/8184"}],"wp:attachment":[{"href":"https:\/\/www.laocoonteshoes.com\/es\/wp-json\/wp\/v2\/media?parent=57"}],"curies":[{"name":"wp","href":"https:\/\/api.w.org\/{rel}","templated":true}]}}