{"id":8031,"date":"2023-02-08T13:33:07","date_gmt":"2023-02-08T12:33:07","guid":{"rendered":"https:\/\/www.laocoonteshoes.com\/?page_id=8031"},"modified":"2023-02-13T13:10:49","modified_gmt":"2023-02-13T12:10:49","slug":"about-us-2","status":"publish","type":"page","link":"https:\/\/www.laocoonteshoes.com\/es\/about-us-2\/","title":{"rendered":"Sobre nosotros"},"content":{"rendered":"<div data-elementor-type=\"wp-page\" data-elementor-id=\"8031\" class=\"elementor elementor-8031\" data-elementor-post-type=\"page\">\n\t\t\t\t<div class=\"elementor-element elementor-element-8c4c5af e-flex e-con-boxed e-con e-parent\" data-id=\"8c4c5af\" data-element_type=\"container\" data-e-type=\"container\">\n\t\t\t\t\t<div class=\"e-con-inner\">\n\t\t<div class=\"elementor-element elementor-element-550ffee e-con-full e-flex e-con e-child\" data-id=\"550ffee\" data-element_type=\"container\" data-e-type=\"container\">\n\t\t\t\t<div class=\"elementor-element elementor-element-29bac50 elementor-widget elementor-widget-heading\" data-id=\"29bac50\" data-element_type=\"widget\" data-e-type=\"widget\" data-widget_type=\"heading.default\">\n\t\t\t\t<div class=\"elementor-widget-container\">\n\t\t\t\t\t<h2 class=\"elementor-heading-title elementor-size-default\">LAOCOONTE<\/h2>\t\t\t\t<\/div>\n\t\t\t\t<\/div>\n\t\t\t\t<div class=\"elementor-element elementor-element-90be3bf elementor-widget__width-initial elementor-widget elementor-widget-text-editor\" data-id=\"90be3bf\" data-element_type=\"widget\" data-e-type=\"widget\" data-widget_type=\"text-editor.default\">\n\t\t\t\t<div class=\"elementor-widget-container\">\n\t\t\t\t\t\t\t\t\t<p>Laocoonte se estableci\u00f3 en 2008. La marca combina una perspectiva atemporal y simplificada con una identidad propia. Todo ello fabricado artesanalmente en nuestro taller de Aspe (Espa\u00f1a). Las colecciones de Laocoonte tambi\u00e9n exploran la fuerza de las formas simples que hablan de discreci\u00f3n y se basan en una calidad intransigente.<br \/>Hoy, Laocoonte se vende en 12 pa\u00edses en establecimientos minoristas de primer nivel, y la marca tiene una s\u00f3lida presencia en los mercados europeo, americano y asi\u00e1tico.<br \/>El trabajo artesanal de Laocoonte es aut\u00e9ntico y tradicional. La marca est\u00e1 construida sobre una base de calidad innegable y artesan\u00eda minuciosa. Pero el dise\u00f1o es la verdadera fuerza motriz.<br \/>Con los pies en la tierra, pero siempre buscando llevar las cosas un paso m\u00e1s all\u00e1. Cada par es el resultado de un apasionado proceso de combinaci\u00f3n de diferentes materiales, formas y colores. Fusionan conceptos opuestos para generar nuevas siluetas h\u00edbridas; porque yuxtaponen materiales contrastantes y los hacen coincidir; porque el modelo m\u00e1s refinado puede tener los interiores m\u00e1s sencillos; porque le dan un acabado crudo, perfecto al cuero, detalles impecables y simplifican.<\/p><p><strong>Laocoonte \u0301s DNA<\/strong><br \/>Simplicidad<br \/>Moda atemporal<br \/>Menos es m\u00e1s<br \/>Calidad y comodidad<br \/>Todo piel<\/p><p>Las suelas de Laocoonte son exclusivas, ya que est\u00e1n compuestas por diferentes partes y todas ellas est\u00e1n ensambladas y torneadas a mano con un flexible para una mayor comodidad. Confeccionados en piel italiana, con la m\u00e1xima calidad y manteniendo nuestro compromiso con el medio ambiente. Estas sandalias se han convertido en la constante de otra marca como esenciales sofisticados terrenales.<\/p><p><strong>\u201cMade in Spain\u201d es literalmente parte de nuestra identidad de ADN<\/strong><br \/>Laocoonte siempre ha estado claramente asociado con el esp\u00edritu \u201cMade in Spain\u201d. Los zapatos han sido fabricados en Aspe, una zona zapatera con artesanos altamente cualificados que han alcanzado la excelencia en la fabricaci\u00f3n y que aman de verdad su trabajo. De ah\u00ed que para Laocoonte \u201cMade in Spain\u201d sea sin\u00f3nimo de \u201checho con calidad por nuestra gente\u201d y eso implica un fuerte sentido de responsabilidad social. Laocoonte siempre ha tenido como objetivo que el negocio tenga un impacto positivo en el entorno local con un enfoque \u00e9tico en el que el 100% de la producci\u00f3n se fabrica en Aspe. Este es el compromiso de la firma de permanecer inseparable de la filosof\u00eda \u201cMade in Spain\u201d y que se ha convertido en parte de su logotipo.<\/p>\t\t\t\t\t\t\t\t<\/div>\n\t\t\t\t<\/div>\n\t\t\t\t<div class=\"elementor-element elementor-element-3ff4170 elementor-widget elementor-widget-text-editor\" data-id=\"3ff4170\" data-element_type=\"widget\" data-e-type=\"widget\" data-widget_type=\"text-editor.default\">\n\t\t\t\t<div class=\"elementor-widget-container\">\n\t\t\t\t\t\t\t\t\t<p>Laocoonte&#8230;a history without end&#8230;<\/p>\t\t\t\t\t\t\t\t<\/div>\n\t\t\t\t<\/div>\n\t\t\t\t<\/div>\n\t\t\t\t\t<\/div>\n\t\t\t\t<\/div>\n\t\t\t\t<\/div>","protected":false},"excerpt":{"rendered":"<p>LAOCOONTE \u0301 S COMPANY PROFILE Laocoonte was established in 2008. The brand combines a timeless and simplify perspective with an own identity. All this handmade manufactured in our atelier in Aspe (Spain). The Laocoonte\u2019s collections also explore the strength of simplistic shapes that speak to discretion and are based on&hellip;<\/p>","protected":false},"author":1,"featured_media":0,"parent":0,"menu_order":0,"comment_status":"closed","ping_status":"closed","template":"elementor_header_footer","meta":{"footnotes":""},"class_list":["post-8031","page","type-page","status-publish","hentry"],"yoast_head":"<!-- This site is optimized with the Yoast SEO plugin v27.4 - https:\/\/yoast.com\/product\/yoast-seo-wordpress\/ -->\n<title>About us - Laocoonte Shoes<\/title>\n<meta name=\"robots\" content=\"index, follow, max-snippet:-1, max-image-preview:large, max-video-preview:-1\" \/>\n<link rel=\"canonical\" href=\"https:\/\/www.laocoonteshoes.com\/es\/about-us-2\/\" \/>\n<meta property=\"og:locale\" content=\"es_ES\" \/>\n<meta property=\"og:type\" content=\"article\" \/>\n<meta property=\"og:title\" content=\"About us - Laocoonte Shoes\" \/>\n<meta property=\"og:description\" content=\"LAOCOONTE \u0301 S COMPANY PROFILE Laocoonte was established in 2008. The brand combines a timeless and simplify perspective with an own identity. All this handmade manufactured in our atelier in Aspe (Spain). The Laocoonte\u2019s collections also explore the strength of simplistic shapes that speak to discretion and are based on&hellip;\" \/>\n<meta property=\"og:url\" content=\"https:\/\/www.laocoonteshoes.com\/es\/about-us-2\/\" \/>\n<meta property=\"og:site_name\" content=\"Laocoonte Shoes\" \/>\n<meta property=\"article:publisher\" content=\"https:\/\/www.facebook.com\/LAOCOONTESHOES\/\" \/>\n<meta property=\"article:modified_time\" content=\"2023-02-13T12:10:49+00:00\" \/>\n<meta name=\"twitter:card\" content=\"summary_large_image\" \/>\n<meta name=\"twitter:label1\" content=\"Tiempo de lectura\" \/>\n\t<meta name=\"twitter:data1\" content=\"2 minutos\" \/>\n<script type=\"application\/ld+json\" class=\"yoast-schema-graph\">{\"@context\":\"https:\\\/\\\/schema.org\",\"@graph\":[{\"@type\":\"WebPage\",\"@id\":\"https:\\\/\\\/www.laocoonteshoes.com\\\/about-us-2\\\/\",\"url\":\"https:\\\/\\\/www.laocoonteshoes.com\\\/about-us-2\\\/\",\"name\":\"About us - Laocoonte Shoes\",\"isPartOf\":{\"@id\":\"https:\\\/\\\/www.laocoonteshoes.com\\\/#website\"},\"datePublished\":\"2023-02-08T12:33:07+00:00\",\"dateModified\":\"2023-02-13T12:10:49+00:00\",\"breadcrumb\":{\"@id\":\"https:\\\/\\\/www.laocoonteshoes.com\\\/about-us-2\\\/#breadcrumb\"},\"inLanguage\":\"es\",\"potentialAction\":[{\"@type\":\"ReadAction\",\"target\":[\"https:\\\/\\\/www.laocoonteshoes.com\\\/about-us-2\\\/\"]}]},{\"@type\":\"BreadcrumbList\",\"@id\":\"https:\\\/\\\/www.laocoonteshoes.com\\\/about-us-2\\\/#breadcrumb\",\"itemListElement\":[{\"@type\":\"ListItem\",\"position\":1,\"name\":\"Home\",\"item\":\"https:\\\/\\\/www.laocoonteshoes.com\\\/\"},{\"@type\":\"ListItem\",\"position\":2,\"name\":\"About us\"}]},{\"@type\":\"WebSite\",\"@id\":\"https:\\\/\\\/www.laocoonteshoes.com\\\/#website\",\"url\":\"https:\\\/\\\/www.laocoonteshoes.com\\\/\",\"name\":\"Laocoonte Shoes\",\"description\":\"Every shoe has a story\",\"publisher\":{\"@id\":\"https:\\\/\\\/www.laocoonteshoes.com\\\/#organization\"},\"potentialAction\":[{\"@type\":\"SearchAction\",\"target\":{\"@type\":\"EntryPoint\",\"urlTemplate\":\"https:\\\/\\\/www.laocoonteshoes.com\\\/?s={search_term_string}\"},\"query-input\":{\"@type\":\"PropertyValueSpecification\",\"valueRequired\":true,\"valueName\":\"search_term_string\"}}],\"inLanguage\":\"es\"},{\"@type\":\"Organization\",\"@id\":\"https:\\\/\\\/www.laocoonteshoes.com\\\/#organization\",\"name\":\"Laocoonte Shoes\",\"url\":\"https:\\\/\\\/www.laocoonteshoes.com\\\/\",\"logo\":{\"@type\":\"ImageObject\",\"inLanguage\":\"es\",\"@id\":\"https:\\\/\\\/www.laocoonteshoes.com\\\/#\\\/schema\\\/logo\\\/image\\\/\",\"url\":\"https:\\\/\\\/www.laocoonteshoes.com\\\/wp-content\\\/uploads\\\/2024\\\/04\\\/logo-laocoonte.png.webp\",\"contentUrl\":\"https:\\\/\\\/www.laocoonteshoes.com\\\/wp-content\\\/uploads\\\/2024\\\/04\\\/logo-laocoonte.png.webp\",\"width\":200,\"height\":36,\"caption\":\"Laocoonte Shoes\"},\"image\":{\"@id\":\"https:\\\/\\\/www.laocoonteshoes.com\\\/#\\\/schema\\\/logo\\\/image\\\/\"},\"sameAs\":[\"https:\\\/\\\/www.facebook.com\\\/LAOCOONTESHOES\\\/\",\"https:\\\/\\\/www.instagram.com\\\/laocoonte_es\\\/\"]}]}<\/script>\n<!-- \/ Yoast SEO plugin. -->","yoast_head_json":{"title":"About us - Laocoonte Shoes","robots":{"index":"index","follow":"follow","max-snippet":"max-snippet:-1","max-image-preview":"max-image-preview:large","max-video-preview":"max-video-preview:-1"},"canonical":"https:\/\/www.laocoonteshoes.com\/es\/about-us-2\/","og_locale":"es_ES","og_type":"article","og_title":"About us - Laocoonte Shoes","og_description":"LAOCOONTE \u0301 S COMPANY PROFILE Laocoonte was established in 2008. The brand combines a timeless and simplify perspective with an own identity. All this handmade manufactured in our atelier in Aspe (Spain). The Laocoonte\u2019s collections also explore the strength of simplistic shapes that speak to discretion and are based on&hellip;","og_url":"https:\/\/www.laocoonteshoes.com\/es\/about-us-2\/","og_site_name":"Laocoonte Shoes","article_publisher":"https:\/\/www.facebook.com\/LAOCOONTESHOES\/","article_modified_time":"2023-02-13T12:10:49+00:00","twitter_card":"summary_large_image","twitter_misc":{"Tiempo de lectura":"2 minutos"},"schema":{"@context":"https:\/\/schema.org","@graph":[{"@type":"WebPage","@id":"https:\/\/www.laocoonteshoes.com\/about-us-2\/","url":"https:\/\/www.laocoonteshoes.com\/about-us-2\/","name":"About us - Laocoonte Shoes","isPartOf":{"@id":"https:\/\/www.laocoonteshoes.com\/#website"},"datePublished":"2023-02-08T12:33:07+00:00","dateModified":"2023-02-13T12:10:49+00:00","breadcrumb":{"@id":"https:\/\/www.laocoonteshoes.com\/about-us-2\/#breadcrumb"},"inLanguage":"es","potentialAction":[{"@type":"ReadAction","target":["https:\/\/www.laocoonteshoes.com\/about-us-2\/"]}]},{"@type":"BreadcrumbList","@id":"https:\/\/www.laocoonteshoes.com\/about-us-2\/#breadcrumb","itemListElement":[{"@type":"ListItem","position":1,"name":"Home","item":"https:\/\/www.laocoonteshoes.com\/"},{"@type":"ListItem","position":2,"name":"About us"}]},{"@type":"WebSite","@id":"https:\/\/www.laocoonteshoes.com\/#website","url":"https:\/\/www.laocoonteshoes.com\/","name":"Laocoonte Shoes","description":"Every shoe has a story","publisher":{"@id":"https:\/\/www.laocoonteshoes.com\/#organization"},"potentialAction":[{"@type":"SearchAction","target":{"@type":"EntryPoint","urlTemplate":"https:\/\/www.laocoonteshoes.com\/?s={search_term_string}"},"query-input":{"@type":"PropertyValueSpecification","valueRequired":true,"valueName":"search_term_string"}}],"inLanguage":"es"},{"@type":"Organization","@id":"https:\/\/www.laocoonteshoes.com\/#organization","name":"Laocoonte Shoes","url":"https:\/\/www.laocoonteshoes.com\/","logo":{"@type":"ImageObject","inLanguage":"es","@id":"https:\/\/www.laocoonteshoes.com\/#\/schema\/logo\/image\/","url":"https:\/\/www.laocoonteshoes.com\/wp-content\/uploads\/2024\/04\/logo-laocoonte.png.webp","contentUrl":"https:\/\/www.laocoonteshoes.com\/wp-content\/uploads\/2024\/04\/logo-laocoonte.png.webp","width":200,"height":36,"caption":"Laocoonte Shoes"},"image":{"@id":"https:\/\/www.laocoonteshoes.com\/#\/schema\/logo\/image\/"},"sameAs":["https:\/\/www.facebook.com\/LAOCOONTESHOES\/","https:\/\/www.instagram.com\/laocoonte_es\/"]}]}},"_links":{"self":[{"href":"https:\/\/www.laocoonteshoes.com\/es\/wp-json\/wp\/v2\/pages\/8031","targetHints":{"allow":["GET"]}}],"collection":[{"href":"https:\/\/www.laocoonteshoes.com\/es\/wp-json\/wp\/v2\/pages"}],"about":[{"href":"https:\/\/www.laocoonteshoes.com\/es\/wp-json\/wp\/v2\/types\/page"}],"author":[{"embeddable":true,"href":"https:\/\/www.laocoonteshoes.com\/es\/wp-json\/wp\/v2\/users\/1"}],"replies":[{"embeddable":true,"href":"https:\/\/www.laocoonteshoes.com\/es\/wp-json\/wp\/v2\/comments?post=8031"}],"version-history":[{"count":32,"href":"https:\/\/www.laocoonteshoes.com\/es\/wp-json\/wp\/v2\/pages\/8031\/revisions"}],"predecessor-version":[{"id":8107,"href":"https:\/\/www.laocoonteshoes.com\/es\/wp-json\/wp\/v2\/pages\/8031\/revisions\/8107"}],"wp:attachment":[{"href":"https:\/\/www.laocoonteshoes.com\/es\/wp-json\/wp\/v2\/media?parent=8031"}],"curies":[{"name":"wp","href":"https:\/\/api.w.org\/{rel}","templated":true}]}}