{"id":6633,"date":"2022-11-11T09:26:08","date_gmt":"2022-11-11T08:26:08","guid":{"rendered":"https:\/\/www.laocoonteshoes.com\/?post_type=product&#038;p=6633"},"modified":"2026-01-06T12:42:40","modified_gmt":"2026-01-06T11:42:40","slug":"callie-cream","status":"publish","type":"product","link":"https:\/\/www.laocoonteshoes.com\/es\/producto\/callie-cream\/","title":{"rendered":"Callie"},"content":{"rendered":"","protected":false},"excerpt":{"rendered":"<p>CALLIE. Suela totalmente de cuero con planta de yute y microlaminado dividida en diferentes partes para una mayor comodidad. Tiene una pala superior de piel de cordero suave acolchada. Desde el corte hasta la disposici\u00f3n del tejido, los artesanos siguen meticulosamente cada paso para crear esta sandalia acolchada de color beige. Dise\u00f1adas y hechas a mano en nuestro atelier de Espa\u00f1a. Escoja su talla habitual.<\/p>","protected":false},"featured_media":6637,"comment_status":"open","ping_status":"closed","template":"","meta":[],"product_brand":[],"product_cat":[108,109,15],"product_tag":[],"class_list":{"0":"post-6633","1":"product","2":"type-product","3":"status-publish","4":"has-post-thumbnail","6":"product_cat-collection-2023","7":"product_cat-flat-sandal-23","8":"product_cat-uncategorized","10":"first","11":"instock","12":"taxable","13":"shipping-taxable","14":"purchasable","15":"product-type-variable"},"yoast_head":"<!-- This site is optimized with the Yoast SEO plugin v27.4 - https:\/\/yoast.com\/product\/yoast-seo-wordpress\/ -->\n<title>Callie - Laocoonte Shoes<\/title>\n<meta name=\"robots\" content=\"index, follow, max-snippet:-1, max-image-preview:large, max-video-preview:-1\" \/>\n<link rel=\"canonical\" href=\"https:\/\/www.laocoonteshoes.com\/es\/producto\/callie-cream\/\" \/>\n<meta property=\"og:locale\" content=\"es_ES\" \/>\n<meta property=\"og:type\" content=\"article\" \/>\n<meta property=\"og:title\" content=\"Callie - Laocoonte Shoes\" \/>\n<meta property=\"og:description\" content=\"CALLIE. All leather sole with jute and micro laminate sole divided in different parts for an extra comfort. Has a soft lamb leather upper which is quilted. From the cut to the arrangement of the fabric, the artisans follow each step meticulously to create this beige quilted sandal. Designed and handmade in our atelier in Spain. This shoes sizes normally, take your usual size.\" \/>\n<meta property=\"og:url\" content=\"https:\/\/www.laocoonteshoes.com\/es\/producto\/callie-cream\/\" \/>\n<meta property=\"og:site_name\" content=\"Laocoonte Shoes\" \/>\n<meta property=\"article:publisher\" content=\"https:\/\/www.facebook.com\/LAOCOONTESHOES\/\" \/>\n<meta property=\"article:modified_time\" content=\"2026-01-06T11:42:40+00:00\" \/>\n<meta property=\"og:image\" content=\"https:\/\/www.laocoonteshoes.com\/wp-content\/uploads\/2022\/10\/Callie-cordero-arena-par.jpg\" \/>\n\t<meta property=\"og:image:width\" content=\"1000\" \/>\n\t<meta property=\"og:image:height\" content=\"1000\" \/>\n\t<meta property=\"og:image:type\" content=\"image\/jpeg\" \/>\n<meta name=\"twitter:card\" content=\"summary_large_image\" \/>\n<script type=\"application\/ld+json\" class=\"yoast-schema-graph\">{\"@context\":\"https:\\\/\\\/schema.org\",\"@graph\":[{\"@type\":\"WebPage\",\"@id\":\"https:\\\/\\\/www.laocoonteshoes.com\\\/producto\\\/callie-cream\\\/\",\"url\":\"https:\\\/\\\/www.laocoonteshoes.com\\\/producto\\\/callie-cream\\\/\",\"name\":\"Callie - Laocoonte Shoes\",\"isPartOf\":{\"@id\":\"https:\\\/\\\/www.laocoonteshoes.com\\\/#website\"},\"primaryImageOfPage\":{\"@id\":\"https:\\\/\\\/www.laocoonteshoes.com\\\/producto\\\/callie-cream\\\/#primaryimage\"},\"image\":{\"@id\":\"https:\\\/\\\/www.laocoonteshoes.com\\\/producto\\\/callie-cream\\\/#primaryimage\"},\"thumbnailUrl\":\"https:\\\/\\\/www.laocoonteshoes.com\\\/wp-content\\\/uploads\\\/2022\\\/10\\\/Callie-cordero-arena-par.jpg\",\"datePublished\":\"2022-11-11T08:26:08+00:00\",\"dateModified\":\"2026-01-06T11:42:40+00:00\",\"breadcrumb\":{\"@id\":\"https:\\\/\\\/www.laocoonteshoes.com\\\/producto\\\/callie-cream\\\/#breadcrumb\"},\"inLanguage\":\"es\",\"potentialAction\":[{\"@type\":\"ReadAction\",\"target\":[\"https:\\\/\\\/www.laocoonteshoes.com\\\/producto\\\/callie-cream\\\/\"]}]},{\"@type\":\"ImageObject\",\"inLanguage\":\"es\",\"@id\":\"https:\\\/\\\/www.laocoonteshoes.com\\\/producto\\\/callie-cream\\\/#primaryimage\",\"url\":\"https:\\\/\\\/www.laocoonteshoes.com\\\/wp-content\\\/uploads\\\/2022\\\/10\\\/Callie-cordero-arena-par.jpg\",\"contentUrl\":\"https:\\\/\\\/www.laocoonteshoes.com\\\/wp-content\\\/uploads\\\/2022\\\/10\\\/Callie-cordero-arena-par.jpg\",\"width\":1000,\"height\":1000},{\"@type\":\"BreadcrumbList\",\"@id\":\"https:\\\/\\\/www.laocoonteshoes.com\\\/producto\\\/callie-cream\\\/#breadcrumb\",\"itemListElement\":[{\"@type\":\"ListItem\",\"position\":1,\"name\":\"Home\",\"item\":\"https:\\\/\\\/www.laocoonteshoes.com\\\/\"},{\"@type\":\"ListItem\",\"position\":2,\"name\":\"Shop\",\"item\":\"https:\\\/\\\/www.laocoonteshoes.com\\\/shop\\\/\"},{\"@type\":\"ListItem\",\"position\":3,\"name\":\"Callie\"}]},{\"@type\":\"WebSite\",\"@id\":\"https:\\\/\\\/www.laocoonteshoes.com\\\/#website\",\"url\":\"https:\\\/\\\/www.laocoonteshoes.com\\\/\",\"name\":\"Laocoonte Shoes\",\"description\":\"Every shoe has a story\",\"publisher\":{\"@id\":\"https:\\\/\\\/www.laocoonteshoes.com\\\/#organization\"},\"potentialAction\":[{\"@type\":\"SearchAction\",\"target\":{\"@type\":\"EntryPoint\",\"urlTemplate\":\"https:\\\/\\\/www.laocoonteshoes.com\\\/?s={search_term_string}\"},\"query-input\":{\"@type\":\"PropertyValueSpecification\",\"valueRequired\":true,\"valueName\":\"search_term_string\"}}],\"inLanguage\":\"es\"},{\"@type\":\"Organization\",\"@id\":\"https:\\\/\\\/www.laocoonteshoes.com\\\/#organization\",\"name\":\"Laocoonte Shoes\",\"url\":\"https:\\\/\\\/www.laocoonteshoes.com\\\/\",\"logo\":{\"@type\":\"ImageObject\",\"inLanguage\":\"es\",\"@id\":\"https:\\\/\\\/www.laocoonteshoes.com\\\/#\\\/schema\\\/logo\\\/image\\\/\",\"url\":\"https:\\\/\\\/www.laocoonteshoes.com\\\/wp-content\\\/uploads\\\/2024\\\/04\\\/logo-laocoonte.png.webp\",\"contentUrl\":\"https:\\\/\\\/www.laocoonteshoes.com\\\/wp-content\\\/uploads\\\/2024\\\/04\\\/logo-laocoonte.png.webp\",\"width\":200,\"height\":36,\"caption\":\"Laocoonte Shoes\"},\"image\":{\"@id\":\"https:\\\/\\\/www.laocoonteshoes.com\\\/#\\\/schema\\\/logo\\\/image\\\/\"},\"sameAs\":[\"https:\\\/\\\/www.facebook.com\\\/LAOCOONTESHOES\\\/\",\"https:\\\/\\\/www.instagram.com\\\/laocoonte_es\\\/\"]}]}<\/script>\n<!-- \/ Yoast SEO plugin. -->","yoast_head_json":{"title":"Callie - Laocoonte Shoes","robots":{"index":"index","follow":"follow","max-snippet":"max-snippet:-1","max-image-preview":"max-image-preview:large","max-video-preview":"max-video-preview:-1"},"canonical":"https:\/\/www.laocoonteshoes.com\/es\/producto\/callie-cream\/","og_locale":"es_ES","og_type":"article","og_title":"Callie - Laocoonte Shoes","og_description":"CALLIE. All leather sole with jute and micro laminate sole divided in different parts for an extra comfort. Has a soft lamb leather upper which is quilted. From the cut to the arrangement of the fabric, the artisans follow each step meticulously to create this beige quilted sandal. Designed and handmade in our atelier in Spain. This shoes sizes normally, take your usual size.","og_url":"https:\/\/www.laocoonteshoes.com\/es\/producto\/callie-cream\/","og_site_name":"Laocoonte Shoes","article_publisher":"https:\/\/www.facebook.com\/LAOCOONTESHOES\/","article_modified_time":"2026-01-06T11:42:40+00:00","og_image":[{"width":1000,"height":1000,"url":"https:\/\/www.laocoonteshoes.com\/wp-content\/uploads\/2022\/10\/Callie-cordero-arena-par.jpg","type":"image\/jpeg"}],"twitter_card":"summary_large_image","schema":{"@context":"https:\/\/schema.org","@graph":[{"@type":"WebPage","@id":"https:\/\/www.laocoonteshoes.com\/producto\/callie-cream\/","url":"https:\/\/www.laocoonteshoes.com\/producto\/callie-cream\/","name":"Callie - Laocoonte Shoes","isPartOf":{"@id":"https:\/\/www.laocoonteshoes.com\/#website"},"primaryImageOfPage":{"@id":"https:\/\/www.laocoonteshoes.com\/producto\/callie-cream\/#primaryimage"},"image":{"@id":"https:\/\/www.laocoonteshoes.com\/producto\/callie-cream\/#primaryimage"},"thumbnailUrl":"https:\/\/www.laocoonteshoes.com\/wp-content\/uploads\/2022\/10\/Callie-cordero-arena-par.jpg","datePublished":"2022-11-11T08:26:08+00:00","dateModified":"2026-01-06T11:42:40+00:00","breadcrumb":{"@id":"https:\/\/www.laocoonteshoes.com\/producto\/callie-cream\/#breadcrumb"},"inLanguage":"es","potentialAction":[{"@type":"ReadAction","target":["https:\/\/www.laocoonteshoes.com\/producto\/callie-cream\/"]}]},{"@type":"ImageObject","inLanguage":"es","@id":"https:\/\/www.laocoonteshoes.com\/producto\/callie-cream\/#primaryimage","url":"https:\/\/www.laocoonteshoes.com\/wp-content\/uploads\/2022\/10\/Callie-cordero-arena-par.jpg","contentUrl":"https:\/\/www.laocoonteshoes.com\/wp-content\/uploads\/2022\/10\/Callie-cordero-arena-par.jpg","width":1000,"height":1000},{"@type":"BreadcrumbList","@id":"https:\/\/www.laocoonteshoes.com\/producto\/callie-cream\/#breadcrumb","itemListElement":[{"@type":"ListItem","position":1,"name":"Home","item":"https:\/\/www.laocoonteshoes.com\/"},{"@type":"ListItem","position":2,"name":"Shop","item":"https:\/\/www.laocoonteshoes.com\/shop\/"},{"@type":"ListItem","position":3,"name":"Callie"}]},{"@type":"WebSite","@id":"https:\/\/www.laocoonteshoes.com\/#website","url":"https:\/\/www.laocoonteshoes.com\/","name":"Laocoonte Shoes","description":"Every shoe has a story","publisher":{"@id":"https:\/\/www.laocoonteshoes.com\/#organization"},"potentialAction":[{"@type":"SearchAction","target":{"@type":"EntryPoint","urlTemplate":"https:\/\/www.laocoonteshoes.com\/?s={search_term_string}"},"query-input":{"@type":"PropertyValueSpecification","valueRequired":true,"valueName":"search_term_string"}}],"inLanguage":"es"},{"@type":"Organization","@id":"https:\/\/www.laocoonteshoes.com\/#organization","name":"Laocoonte Shoes","url":"https:\/\/www.laocoonteshoes.com\/","logo":{"@type":"ImageObject","inLanguage":"es","@id":"https:\/\/www.laocoonteshoes.com\/#\/schema\/logo\/image\/","url":"https:\/\/www.laocoonteshoes.com\/wp-content\/uploads\/2024\/04\/logo-laocoonte.png.webp","contentUrl":"https:\/\/www.laocoonteshoes.com\/wp-content\/uploads\/2024\/04\/logo-laocoonte.png.webp","width":200,"height":36,"caption":"Laocoonte Shoes"},"image":{"@id":"https:\/\/www.laocoonteshoes.com\/#\/schema\/logo\/image\/"},"sameAs":["https:\/\/www.facebook.com\/LAOCOONTESHOES\/","https:\/\/www.instagram.com\/laocoonte_es\/"]}]}},"_links":{"self":[{"href":"https:\/\/www.laocoonteshoes.com\/es\/wp-json\/wp\/v2\/product\/6633","targetHints":{"allow":["GET"]}}],"collection":[{"href":"https:\/\/www.laocoonteshoes.com\/es\/wp-json\/wp\/v2\/product"}],"about":[{"href":"https:\/\/www.laocoonteshoes.com\/es\/wp-json\/wp\/v2\/types\/product"}],"replies":[{"embeddable":true,"href":"https:\/\/www.laocoonteshoes.com\/es\/wp-json\/wp\/v2\/comments?post=6633"}],"wp:featuredmedia":[{"embeddable":true,"href":"https:\/\/www.laocoonteshoes.com\/es\/wp-json\/wp\/v2\/media\/6637"}],"wp:attachment":[{"href":"https:\/\/www.laocoonteshoes.com\/es\/wp-json\/wp\/v2\/media?parent=6633"}],"wp:term":[{"taxonomy":"product_brand","embeddable":true,"href":"https:\/\/www.laocoonteshoes.com\/es\/wp-json\/wp\/v2\/product_brand?post=6633"},{"taxonomy":"product_cat","embeddable":true,"href":"https:\/\/www.laocoonteshoes.com\/es\/wp-json\/wp\/v2\/product_cat?post=6633"},{"taxonomy":"product_tag","embeddable":true,"href":"https:\/\/www.laocoonteshoes.com\/es\/wp-json\/wp\/v2\/product_tag?post=6633"}],"curies":[{"name":"wp","href":"https:\/\/api.w.org\/{rel}","templated":true}]}}