{"id":6774,"date":"2022-10-13T15:47:39","date_gmt":"2022-10-13T13:47:39","guid":{"rendered":"https:\/\/www.laocoonteshoes.com\/?post_type=product&#038;p=6774"},"modified":"2023-01-09T08:50:43","modified_gmt":"2023-01-09T07:50:43","slug":"esther-white","status":"publish","type":"product","link":"https:\/\/www.laocoonteshoes.com\/es\/producto\/esther-white\/","title":{"rendered":"Esther"},"content":{"rendered":"","protected":false},"excerpt":{"rendered":"<p>ESTHER. Sandalia plana blanca hecha a mano con suela microlaminada y pala acolchada para mayor comodidad. Todo fabricado en piel e impregna esta colecci\u00f3n de colores naturales, suaves y reconfortantes. Dise\u00f1adas y hechas a mano en nuestro atelier en Espa\u00f1a. Escoja su talla habitual.<\/p>","protected":false},"featured_media":6786,"comment_status":"open","ping_status":"closed","template":"","meta":[],"product_brand":[],"product_cat":[108,109,15],"product_tag":[],"class_list":{"0":"post-6774","1":"product","2":"type-product","3":"status-publish","4":"has-post-thumbnail","6":"product_cat-collection-2023","7":"product_cat-flat-sandal-23","8":"product_cat-uncategorized","10":"first","11":"instock","12":"taxable","13":"shipping-taxable","14":"purchasable","15":"product-type-variable"},"yoast_head":"<!-- This site is optimized with the Yoast SEO plugin v27.4 - https:\/\/yoast.com\/product\/yoast-seo-wordpress\/ -->\n<title>Esther - Laocoonte Shoes<\/title>\n<meta name=\"robots\" content=\"index, follow, max-snippet:-1, max-image-preview:large, max-video-preview:-1\" \/>\n<link rel=\"canonical\" href=\"https:\/\/www.laocoonteshoes.com\/es\/producto\/esther-white\/\" \/>\n<meta property=\"og:locale\" content=\"es_ES\" \/>\n<meta property=\"og:type\" content=\"article\" \/>\n<meta property=\"og:title\" content=\"Esther - Laocoonte Shoes\" \/>\n<meta property=\"og:description\" content=\"ESTHER. Handmade white flat sandal with a micro-laminate sole and a padded upper for more comfort. All made in leather and infuses this collection with natural, soft and comforting colours. Designed and handmade in our atelier in Spain. This shoes sizes normally, take your usual size.\" \/>\n<meta property=\"og:url\" content=\"https:\/\/www.laocoonteshoes.com\/es\/producto\/esther-white\/\" \/>\n<meta property=\"og:site_name\" content=\"Laocoonte Shoes\" \/>\n<meta property=\"article:publisher\" content=\"https:\/\/www.facebook.com\/LAOCOONTESHOES\/\" \/>\n<meta property=\"article:modified_time\" content=\"2023-01-09T07:50:43+00:00\" \/>\n<meta property=\"og:image\" content=\"https:\/\/www.laocoonteshoes.com\/wp-content\/uploads\/2022\/10\/Esther-cordero-blanco-par.jpg\" \/>\n\t<meta property=\"og:image:width\" content=\"1000\" \/>\n\t<meta property=\"og:image:height\" content=\"1000\" \/>\n\t<meta property=\"og:image:type\" content=\"image\/jpeg\" \/>\n<meta name=\"twitter:card\" content=\"summary_large_image\" \/>\n<script type=\"application\/ld+json\" class=\"yoast-schema-graph\">{\"@context\":\"https:\\\/\\\/schema.org\",\"@graph\":[{\"@type\":\"WebPage\",\"@id\":\"https:\\\/\\\/www.laocoonteshoes.com\\\/producto\\\/esther-white\\\/\",\"url\":\"https:\\\/\\\/www.laocoonteshoes.com\\\/producto\\\/esther-white\\\/\",\"name\":\"Esther - Laocoonte Shoes\",\"isPartOf\":{\"@id\":\"https:\\\/\\\/www.laocoonteshoes.com\\\/#website\"},\"primaryImageOfPage\":{\"@id\":\"https:\\\/\\\/www.laocoonteshoes.com\\\/producto\\\/esther-white\\\/#primaryimage\"},\"image\":{\"@id\":\"https:\\\/\\\/www.laocoonteshoes.com\\\/producto\\\/esther-white\\\/#primaryimage\"},\"thumbnailUrl\":\"https:\\\/\\\/www.laocoonteshoes.com\\\/wp-content\\\/uploads\\\/2022\\\/10\\\/Esther-cordero-blanco-par.jpg\",\"datePublished\":\"2022-10-13T13:47:39+00:00\",\"dateModified\":\"2023-01-09T07:50:43+00:00\",\"breadcrumb\":{\"@id\":\"https:\\\/\\\/www.laocoonteshoes.com\\\/producto\\\/esther-white\\\/#breadcrumb\"},\"inLanguage\":\"es\",\"potentialAction\":[{\"@type\":\"ReadAction\",\"target\":[\"https:\\\/\\\/www.laocoonteshoes.com\\\/producto\\\/esther-white\\\/\"]}]},{\"@type\":\"ImageObject\",\"inLanguage\":\"es\",\"@id\":\"https:\\\/\\\/www.laocoonteshoes.com\\\/producto\\\/esther-white\\\/#primaryimage\",\"url\":\"https:\\\/\\\/www.laocoonteshoes.com\\\/wp-content\\\/uploads\\\/2022\\\/10\\\/Esther-cordero-blanco-par.jpg\",\"contentUrl\":\"https:\\\/\\\/www.laocoonteshoes.com\\\/wp-content\\\/uploads\\\/2022\\\/10\\\/Esther-cordero-blanco-par.jpg\",\"width\":1000,\"height\":1000},{\"@type\":\"BreadcrumbList\",\"@id\":\"https:\\\/\\\/www.laocoonteshoes.com\\\/producto\\\/esther-white\\\/#breadcrumb\",\"itemListElement\":[{\"@type\":\"ListItem\",\"position\":1,\"name\":\"Home\",\"item\":\"https:\\\/\\\/www.laocoonteshoes.com\\\/\"},{\"@type\":\"ListItem\",\"position\":2,\"name\":\"Shop\",\"item\":\"https:\\\/\\\/www.laocoonteshoes.com\\\/shop\\\/\"},{\"@type\":\"ListItem\",\"position\":3,\"name\":\"Esther\"}]},{\"@type\":\"WebSite\",\"@id\":\"https:\\\/\\\/www.laocoonteshoes.com\\\/#website\",\"url\":\"https:\\\/\\\/www.laocoonteshoes.com\\\/\",\"name\":\"Laocoonte Shoes\",\"description\":\"Every shoe has a story\",\"publisher\":{\"@id\":\"https:\\\/\\\/www.laocoonteshoes.com\\\/#organization\"},\"potentialAction\":[{\"@type\":\"SearchAction\",\"target\":{\"@type\":\"EntryPoint\",\"urlTemplate\":\"https:\\\/\\\/www.laocoonteshoes.com\\\/?s={search_term_string}\"},\"query-input\":{\"@type\":\"PropertyValueSpecification\",\"valueRequired\":true,\"valueName\":\"search_term_string\"}}],\"inLanguage\":\"es\"},{\"@type\":\"Organization\",\"@id\":\"https:\\\/\\\/www.laocoonteshoes.com\\\/#organization\",\"name\":\"Laocoonte Shoes\",\"url\":\"https:\\\/\\\/www.laocoonteshoes.com\\\/\",\"logo\":{\"@type\":\"ImageObject\",\"inLanguage\":\"es\",\"@id\":\"https:\\\/\\\/www.laocoonteshoes.com\\\/#\\\/schema\\\/logo\\\/image\\\/\",\"url\":\"https:\\\/\\\/www.laocoonteshoes.com\\\/wp-content\\\/uploads\\\/2024\\\/04\\\/logo-laocoonte.png.webp\",\"contentUrl\":\"https:\\\/\\\/www.laocoonteshoes.com\\\/wp-content\\\/uploads\\\/2024\\\/04\\\/logo-laocoonte.png.webp\",\"width\":200,\"height\":36,\"caption\":\"Laocoonte Shoes\"},\"image\":{\"@id\":\"https:\\\/\\\/www.laocoonteshoes.com\\\/#\\\/schema\\\/logo\\\/image\\\/\"},\"sameAs\":[\"https:\\\/\\\/www.facebook.com\\\/LAOCOONTESHOES\\\/\",\"https:\\\/\\\/www.instagram.com\\\/laocoonte_es\\\/\"]}]}<\/script>\n<!-- \/ Yoast SEO plugin. -->","yoast_head_json":{"title":"Esther - Laocoonte Shoes","robots":{"index":"index","follow":"follow","max-snippet":"max-snippet:-1","max-image-preview":"max-image-preview:large","max-video-preview":"max-video-preview:-1"},"canonical":"https:\/\/www.laocoonteshoes.com\/es\/producto\/esther-white\/","og_locale":"es_ES","og_type":"article","og_title":"Esther - Laocoonte Shoes","og_description":"ESTHER. Handmade white flat sandal with a micro-laminate sole and a padded upper for more comfort. All made in leather and infuses this collection with natural, soft and comforting colours. Designed and handmade in our atelier in Spain. This shoes sizes normally, take your usual size.","og_url":"https:\/\/www.laocoonteshoes.com\/es\/producto\/esther-white\/","og_site_name":"Laocoonte Shoes","article_publisher":"https:\/\/www.facebook.com\/LAOCOONTESHOES\/","article_modified_time":"2023-01-09T07:50:43+00:00","og_image":[{"width":1000,"height":1000,"url":"https:\/\/www.laocoonteshoes.com\/wp-content\/uploads\/2022\/10\/Esther-cordero-blanco-par.jpg","type":"image\/jpeg"}],"twitter_card":"summary_large_image","schema":{"@context":"https:\/\/schema.org","@graph":[{"@type":"WebPage","@id":"https:\/\/www.laocoonteshoes.com\/producto\/esther-white\/","url":"https:\/\/www.laocoonteshoes.com\/producto\/esther-white\/","name":"Esther - Laocoonte Shoes","isPartOf":{"@id":"https:\/\/www.laocoonteshoes.com\/#website"},"primaryImageOfPage":{"@id":"https:\/\/www.laocoonteshoes.com\/producto\/esther-white\/#primaryimage"},"image":{"@id":"https:\/\/www.laocoonteshoes.com\/producto\/esther-white\/#primaryimage"},"thumbnailUrl":"https:\/\/www.laocoonteshoes.com\/wp-content\/uploads\/2022\/10\/Esther-cordero-blanco-par.jpg","datePublished":"2022-10-13T13:47:39+00:00","dateModified":"2023-01-09T07:50:43+00:00","breadcrumb":{"@id":"https:\/\/www.laocoonteshoes.com\/producto\/esther-white\/#breadcrumb"},"inLanguage":"es","potentialAction":[{"@type":"ReadAction","target":["https:\/\/www.laocoonteshoes.com\/producto\/esther-white\/"]}]},{"@type":"ImageObject","inLanguage":"es","@id":"https:\/\/www.laocoonteshoes.com\/producto\/esther-white\/#primaryimage","url":"https:\/\/www.laocoonteshoes.com\/wp-content\/uploads\/2022\/10\/Esther-cordero-blanco-par.jpg","contentUrl":"https:\/\/www.laocoonteshoes.com\/wp-content\/uploads\/2022\/10\/Esther-cordero-blanco-par.jpg","width":1000,"height":1000},{"@type":"BreadcrumbList","@id":"https:\/\/www.laocoonteshoes.com\/producto\/esther-white\/#breadcrumb","itemListElement":[{"@type":"ListItem","position":1,"name":"Home","item":"https:\/\/www.laocoonteshoes.com\/"},{"@type":"ListItem","position":2,"name":"Shop","item":"https:\/\/www.laocoonteshoes.com\/shop\/"},{"@type":"ListItem","position":3,"name":"Esther"}]},{"@type":"WebSite","@id":"https:\/\/www.laocoonteshoes.com\/#website","url":"https:\/\/www.laocoonteshoes.com\/","name":"Laocoonte Shoes","description":"Every shoe has a story","publisher":{"@id":"https:\/\/www.laocoonteshoes.com\/#organization"},"potentialAction":[{"@type":"SearchAction","target":{"@type":"EntryPoint","urlTemplate":"https:\/\/www.laocoonteshoes.com\/?s={search_term_string}"},"query-input":{"@type":"PropertyValueSpecification","valueRequired":true,"valueName":"search_term_string"}}],"inLanguage":"es"},{"@type":"Organization","@id":"https:\/\/www.laocoonteshoes.com\/#organization","name":"Laocoonte Shoes","url":"https:\/\/www.laocoonteshoes.com\/","logo":{"@type":"ImageObject","inLanguage":"es","@id":"https:\/\/www.laocoonteshoes.com\/#\/schema\/logo\/image\/","url":"https:\/\/www.laocoonteshoes.com\/wp-content\/uploads\/2024\/04\/logo-laocoonte.png.webp","contentUrl":"https:\/\/www.laocoonteshoes.com\/wp-content\/uploads\/2024\/04\/logo-laocoonte.png.webp","width":200,"height":36,"caption":"Laocoonte Shoes"},"image":{"@id":"https:\/\/www.laocoonteshoes.com\/#\/schema\/logo\/image\/"},"sameAs":["https:\/\/www.facebook.com\/LAOCOONTESHOES\/","https:\/\/www.instagram.com\/laocoonte_es\/"]}]}},"_links":{"self":[{"href":"https:\/\/www.laocoonteshoes.com\/es\/wp-json\/wp\/v2\/product\/6774","targetHints":{"allow":["GET"]}}],"collection":[{"href":"https:\/\/www.laocoonteshoes.com\/es\/wp-json\/wp\/v2\/product"}],"about":[{"href":"https:\/\/www.laocoonteshoes.com\/es\/wp-json\/wp\/v2\/types\/product"}],"replies":[{"embeddable":true,"href":"https:\/\/www.laocoonteshoes.com\/es\/wp-json\/wp\/v2\/comments?post=6774"}],"wp:featuredmedia":[{"embeddable":true,"href":"https:\/\/www.laocoonteshoes.com\/es\/wp-json\/wp\/v2\/media\/6786"}],"wp:attachment":[{"href":"https:\/\/www.laocoonteshoes.com\/es\/wp-json\/wp\/v2\/media?parent=6774"}],"wp:term":[{"taxonomy":"product_brand","embeddable":true,"href":"https:\/\/www.laocoonteshoes.com\/es\/wp-json\/wp\/v2\/product_brand?post=6774"},{"taxonomy":"product_cat","embeddable":true,"href":"https:\/\/www.laocoonteshoes.com\/es\/wp-json\/wp\/v2\/product_cat?post=6774"},{"taxonomy":"product_tag","embeddable":true,"href":"https:\/\/www.laocoonteshoes.com\/es\/wp-json\/wp\/v2\/product_tag?post=6774"}],"curies":[{"name":"wp","href":"https:\/\/api.w.org\/{rel}","templated":true}]}}