{"id":6844,"date":"2022-10-13T15:59:18","date_gmt":"2022-10-13T13:59:18","guid":{"rendered":"https:\/\/www.laocoonteshoes.com\/?post_type=product&#038;p=6844"},"modified":"2023-01-09T08:49:46","modified_gmt":"2023-01-09T07:49:46","slug":"kara-lightblue","status":"publish","type":"product","link":"https:\/\/www.laocoonteshoes.com\/es\/producto\/kara-lightblue\/","title":{"rendered":"Kara"},"content":{"rendered":"","protected":false},"excerpt":{"rendered":"<p>KARA. Sandalia totalmente de piel con plataforma forrada de yute y plantilla de piel acolchada. Doble tira de piel entrecruzada en azul celeste, correa ajustable con cierre de hebilla sin n\u00edquel. Una sandalia que a pesar de tener ese toque artesanal que est\u00e1 de moda, sigue siendo altamente sofisticada. Esta sandalia subraya la sensualidad deslumbrante y radiante. Dise\u00f1ada y hecha a mano en nuestro atelier en Espa\u00f1a. Escoja su talla habitual.<\/p>","protected":false},"featured_media":6855,"comment_status":"open","ping_status":"closed","template":"","meta":[],"product_brand":[],"product_cat":[108,110,15],"product_tag":[],"class_list":{"0":"post-6844","1":"product","2":"type-product","3":"status-publish","4":"has-post-thumbnail","6":"product_cat-collection-2023","7":"product_cat-high-sandal","8":"product_cat-uncategorized","10":"first","11":"instock","12":"taxable","13":"shipping-taxable","14":"purchasable","15":"product-type-variable"},"yoast_head":"<!-- This site is optimized with the Yoast SEO plugin v27.4 - https:\/\/yoast.com\/product\/yoast-seo-wordpress\/ -->\n<title>Kara - Laocoonte Shoes<\/title>\n<meta name=\"robots\" content=\"index, follow, max-snippet:-1, max-image-preview:large, max-video-preview:-1\" \/>\n<link rel=\"canonical\" href=\"https:\/\/www.laocoonteshoes.com\/es\/producto\/kara-lightblue\/\" \/>\n<meta property=\"og:locale\" content=\"es_ES\" \/>\n<meta property=\"og:type\" content=\"article\" \/>\n<meta property=\"og:title\" content=\"Kara - Laocoonte Shoes\" \/>\n<meta property=\"og:description\" content=\"KARA. All leather sandal with a covered jute heel and a padded leather insole. Double crisscross leather band in sky blue, adjustable strap with a nickel free buckle closure. A sandal that despite having that handmade touch that is trendy, it\u2019s still highly sophisticated. This sandal underlines the dazzling and radiant sensuality. Designed and handmade in our atelier in Spain. This shoes sizes normally, take your usual size.\" \/>\n<meta property=\"og:url\" content=\"https:\/\/www.laocoonteshoes.com\/es\/producto\/kara-lightblue\/\" \/>\n<meta property=\"og:site_name\" content=\"Laocoonte Shoes\" \/>\n<meta property=\"article:publisher\" content=\"https:\/\/www.facebook.com\/LAOCOONTESHOES\/\" \/>\n<meta property=\"article:modified_time\" content=\"2023-01-09T07:49:46+00:00\" \/>\n<meta property=\"og:image\" content=\"https:\/\/www.laocoonteshoes.com\/wp-content\/uploads\/2022\/10\/Kara-antic-nube-par.jpg\" \/>\n\t<meta property=\"og:image:width\" content=\"1000\" \/>\n\t<meta property=\"og:image:height\" content=\"1000\" \/>\n\t<meta property=\"og:image:type\" content=\"image\/jpeg\" \/>\n<meta name=\"twitter:card\" content=\"summary_large_image\" \/>\n<script type=\"application\/ld+json\" class=\"yoast-schema-graph\">{\"@context\":\"https:\\\/\\\/schema.org\",\"@graph\":[{\"@type\":\"WebPage\",\"@id\":\"https:\\\/\\\/www.laocoonteshoes.com\\\/producto\\\/kara-lightblue\\\/\",\"url\":\"https:\\\/\\\/www.laocoonteshoes.com\\\/producto\\\/kara-lightblue\\\/\",\"name\":\"Kara - Laocoonte Shoes\",\"isPartOf\":{\"@id\":\"https:\\\/\\\/www.laocoonteshoes.com\\\/#website\"},\"primaryImageOfPage\":{\"@id\":\"https:\\\/\\\/www.laocoonteshoes.com\\\/producto\\\/kara-lightblue\\\/#primaryimage\"},\"image\":{\"@id\":\"https:\\\/\\\/www.laocoonteshoes.com\\\/producto\\\/kara-lightblue\\\/#primaryimage\"},\"thumbnailUrl\":\"https:\\\/\\\/www.laocoonteshoes.com\\\/wp-content\\\/uploads\\\/2022\\\/10\\\/Kara-antic-nube-par.jpg\",\"datePublished\":\"2022-10-13T13:59:18+00:00\",\"dateModified\":\"2023-01-09T07:49:46+00:00\",\"breadcrumb\":{\"@id\":\"https:\\\/\\\/www.laocoonteshoes.com\\\/producto\\\/kara-lightblue\\\/#breadcrumb\"},\"inLanguage\":\"es\",\"potentialAction\":[{\"@type\":\"ReadAction\",\"target\":[\"https:\\\/\\\/www.laocoonteshoes.com\\\/producto\\\/kara-lightblue\\\/\"]}]},{\"@type\":\"ImageObject\",\"inLanguage\":\"es\",\"@id\":\"https:\\\/\\\/www.laocoonteshoes.com\\\/producto\\\/kara-lightblue\\\/#primaryimage\",\"url\":\"https:\\\/\\\/www.laocoonteshoes.com\\\/wp-content\\\/uploads\\\/2022\\\/10\\\/Kara-antic-nube-par.jpg\",\"contentUrl\":\"https:\\\/\\\/www.laocoonteshoes.com\\\/wp-content\\\/uploads\\\/2022\\\/10\\\/Kara-antic-nube-par.jpg\",\"width\":1000,\"height\":1000},{\"@type\":\"BreadcrumbList\",\"@id\":\"https:\\\/\\\/www.laocoonteshoes.com\\\/producto\\\/kara-lightblue\\\/#breadcrumb\",\"itemListElement\":[{\"@type\":\"ListItem\",\"position\":1,\"name\":\"Home\",\"item\":\"https:\\\/\\\/www.laocoonteshoes.com\\\/\"},{\"@type\":\"ListItem\",\"position\":2,\"name\":\"Shop\",\"item\":\"https:\\\/\\\/www.laocoonteshoes.com\\\/shop\\\/\"},{\"@type\":\"ListItem\",\"position\":3,\"name\":\"Kara\"}]},{\"@type\":\"WebSite\",\"@id\":\"https:\\\/\\\/www.laocoonteshoes.com\\\/#website\",\"url\":\"https:\\\/\\\/www.laocoonteshoes.com\\\/\",\"name\":\"Laocoonte Shoes\",\"description\":\"Every shoe has a story\",\"publisher\":{\"@id\":\"https:\\\/\\\/www.laocoonteshoes.com\\\/#organization\"},\"potentialAction\":[{\"@type\":\"SearchAction\",\"target\":{\"@type\":\"EntryPoint\",\"urlTemplate\":\"https:\\\/\\\/www.laocoonteshoes.com\\\/?s={search_term_string}\"},\"query-input\":{\"@type\":\"PropertyValueSpecification\",\"valueRequired\":true,\"valueName\":\"search_term_string\"}}],\"inLanguage\":\"es\"},{\"@type\":\"Organization\",\"@id\":\"https:\\\/\\\/www.laocoonteshoes.com\\\/#organization\",\"name\":\"Laocoonte Shoes\",\"url\":\"https:\\\/\\\/www.laocoonteshoes.com\\\/\",\"logo\":{\"@type\":\"ImageObject\",\"inLanguage\":\"es\",\"@id\":\"https:\\\/\\\/www.laocoonteshoes.com\\\/#\\\/schema\\\/logo\\\/image\\\/\",\"url\":\"https:\\\/\\\/www.laocoonteshoes.com\\\/wp-content\\\/uploads\\\/2024\\\/04\\\/logo-laocoonte.png.webp\",\"contentUrl\":\"https:\\\/\\\/www.laocoonteshoes.com\\\/wp-content\\\/uploads\\\/2024\\\/04\\\/logo-laocoonte.png.webp\",\"width\":200,\"height\":36,\"caption\":\"Laocoonte Shoes\"},\"image\":{\"@id\":\"https:\\\/\\\/www.laocoonteshoes.com\\\/#\\\/schema\\\/logo\\\/image\\\/\"},\"sameAs\":[\"https:\\\/\\\/www.facebook.com\\\/LAOCOONTESHOES\\\/\",\"https:\\\/\\\/www.instagram.com\\\/laocoonte_es\\\/\"]}]}<\/script>\n<!-- \/ Yoast SEO plugin. -->","yoast_head_json":{"title":"Kara - Laocoonte Shoes","robots":{"index":"index","follow":"follow","max-snippet":"max-snippet:-1","max-image-preview":"max-image-preview:large","max-video-preview":"max-video-preview:-1"},"canonical":"https:\/\/www.laocoonteshoes.com\/es\/producto\/kara-lightblue\/","og_locale":"es_ES","og_type":"article","og_title":"Kara - Laocoonte Shoes","og_description":"KARA. All leather sandal with a covered jute heel and a padded leather insole. Double crisscross leather band in sky blue, adjustable strap with a nickel free buckle closure. A sandal that despite having that handmade touch that is trendy, it\u2019s still highly sophisticated. This sandal underlines the dazzling and radiant sensuality. Designed and handmade in our atelier in Spain. This shoes sizes normally, take your usual size.","og_url":"https:\/\/www.laocoonteshoes.com\/es\/producto\/kara-lightblue\/","og_site_name":"Laocoonte Shoes","article_publisher":"https:\/\/www.facebook.com\/LAOCOONTESHOES\/","article_modified_time":"2023-01-09T07:49:46+00:00","og_image":[{"width":1000,"height":1000,"url":"https:\/\/www.laocoonteshoes.com\/wp-content\/uploads\/2022\/10\/Kara-antic-nube-par.jpg","type":"image\/jpeg"}],"twitter_card":"summary_large_image","schema":{"@context":"https:\/\/schema.org","@graph":[{"@type":"WebPage","@id":"https:\/\/www.laocoonteshoes.com\/producto\/kara-lightblue\/","url":"https:\/\/www.laocoonteshoes.com\/producto\/kara-lightblue\/","name":"Kara - Laocoonte Shoes","isPartOf":{"@id":"https:\/\/www.laocoonteshoes.com\/#website"},"primaryImageOfPage":{"@id":"https:\/\/www.laocoonteshoes.com\/producto\/kara-lightblue\/#primaryimage"},"image":{"@id":"https:\/\/www.laocoonteshoes.com\/producto\/kara-lightblue\/#primaryimage"},"thumbnailUrl":"https:\/\/www.laocoonteshoes.com\/wp-content\/uploads\/2022\/10\/Kara-antic-nube-par.jpg","datePublished":"2022-10-13T13:59:18+00:00","dateModified":"2023-01-09T07:49:46+00:00","breadcrumb":{"@id":"https:\/\/www.laocoonteshoes.com\/producto\/kara-lightblue\/#breadcrumb"},"inLanguage":"es","potentialAction":[{"@type":"ReadAction","target":["https:\/\/www.laocoonteshoes.com\/producto\/kara-lightblue\/"]}]},{"@type":"ImageObject","inLanguage":"es","@id":"https:\/\/www.laocoonteshoes.com\/producto\/kara-lightblue\/#primaryimage","url":"https:\/\/www.laocoonteshoes.com\/wp-content\/uploads\/2022\/10\/Kara-antic-nube-par.jpg","contentUrl":"https:\/\/www.laocoonteshoes.com\/wp-content\/uploads\/2022\/10\/Kara-antic-nube-par.jpg","width":1000,"height":1000},{"@type":"BreadcrumbList","@id":"https:\/\/www.laocoonteshoes.com\/producto\/kara-lightblue\/#breadcrumb","itemListElement":[{"@type":"ListItem","position":1,"name":"Home","item":"https:\/\/www.laocoonteshoes.com\/"},{"@type":"ListItem","position":2,"name":"Shop","item":"https:\/\/www.laocoonteshoes.com\/shop\/"},{"@type":"ListItem","position":3,"name":"Kara"}]},{"@type":"WebSite","@id":"https:\/\/www.laocoonteshoes.com\/#website","url":"https:\/\/www.laocoonteshoes.com\/","name":"Laocoonte Shoes","description":"Every shoe has a story","publisher":{"@id":"https:\/\/www.laocoonteshoes.com\/#organization"},"potentialAction":[{"@type":"SearchAction","target":{"@type":"EntryPoint","urlTemplate":"https:\/\/www.laocoonteshoes.com\/?s={search_term_string}"},"query-input":{"@type":"PropertyValueSpecification","valueRequired":true,"valueName":"search_term_string"}}],"inLanguage":"es"},{"@type":"Organization","@id":"https:\/\/www.laocoonteshoes.com\/#organization","name":"Laocoonte Shoes","url":"https:\/\/www.laocoonteshoes.com\/","logo":{"@type":"ImageObject","inLanguage":"es","@id":"https:\/\/www.laocoonteshoes.com\/#\/schema\/logo\/image\/","url":"https:\/\/www.laocoonteshoes.com\/wp-content\/uploads\/2024\/04\/logo-laocoonte.png.webp","contentUrl":"https:\/\/www.laocoonteshoes.com\/wp-content\/uploads\/2024\/04\/logo-laocoonte.png.webp","width":200,"height":36,"caption":"Laocoonte Shoes"},"image":{"@id":"https:\/\/www.laocoonteshoes.com\/#\/schema\/logo\/image\/"},"sameAs":["https:\/\/www.facebook.com\/LAOCOONTESHOES\/","https:\/\/www.instagram.com\/laocoonte_es\/"]}]}},"_links":{"self":[{"href":"https:\/\/www.laocoonteshoes.com\/es\/wp-json\/wp\/v2\/product\/6844","targetHints":{"allow":["GET"]}}],"collection":[{"href":"https:\/\/www.laocoonteshoes.com\/es\/wp-json\/wp\/v2\/product"}],"about":[{"href":"https:\/\/www.laocoonteshoes.com\/es\/wp-json\/wp\/v2\/types\/product"}],"replies":[{"embeddable":true,"href":"https:\/\/www.laocoonteshoes.com\/es\/wp-json\/wp\/v2\/comments?post=6844"}],"wp:featuredmedia":[{"embeddable":true,"href":"https:\/\/www.laocoonteshoes.com\/es\/wp-json\/wp\/v2\/media\/6855"}],"wp:attachment":[{"href":"https:\/\/www.laocoonteshoes.com\/es\/wp-json\/wp\/v2\/media?parent=6844"}],"wp:term":[{"taxonomy":"product_brand","embeddable":true,"href":"https:\/\/www.laocoonteshoes.com\/es\/wp-json\/wp\/v2\/product_brand?post=6844"},{"taxonomy":"product_cat","embeddable":true,"href":"https:\/\/www.laocoonteshoes.com\/es\/wp-json\/wp\/v2\/product_cat?post=6844"},{"taxonomy":"product_tag","embeddable":true,"href":"https:\/\/www.laocoonteshoes.com\/es\/wp-json\/wp\/v2\/product_tag?post=6844"}],"curies":[{"name":"wp","href":"https:\/\/api.w.org\/{rel}","templated":true}]}}