{"id":6858,"date":"2022-10-13T16:01:26","date_gmt":"2022-10-13T14:01:26","guid":{"rendered":"https:\/\/www.laocoonteshoes.com\/?post_type=product&#038;p=6858"},"modified":"2023-01-09T08:49:37","modified_gmt":"2023-01-09T07:49:37","slug":"provenza-black","status":"publish","type":"product","link":"https:\/\/www.laocoonteshoes.com\/es\/producto\/provenza-black\/","title":{"rendered":"Provenza"},"content":{"rendered":"","protected":false},"excerpt":{"rendered":"<p>PROVENZA. Sandalia plana toda de piel negra, con punta cuadrada, empeine acolchado en piel suave de cordero. Estas aut\u00e9nticas sandalias son el calzado m\u00e1s suave que llevar\u00e1 este verano. Incorporan una planta acolchada tambi\u00e9n en piel para un confort \u00f3ptimo. Dise\u00f1adas y hechas a mano en nuestro taller en Espa\u00f1a. Escoja su talla habitual.<\/p>","protected":false},"featured_media":6869,"comment_status":"open","ping_status":"closed","template":"","meta":[],"product_brand":[],"product_cat":[108,109,15],"product_tag":[],"class_list":{"0":"post-6858","1":"product","2":"type-product","3":"status-publish","4":"has-post-thumbnail","6":"product_cat-collection-2023","7":"product_cat-flat-sandal-23","8":"product_cat-uncategorized","10":"first","11":"instock","12":"taxable","13":"shipping-taxable","14":"purchasable","15":"product-type-variable"},"yoast_head":"<!-- This site is optimized with the Yoast SEO plugin v27.4 - https:\/\/yoast.com\/product\/yoast-seo-wordpress\/ -->\n<title>Provenza - Laocoonte Shoes<\/title>\n<meta name=\"robots\" content=\"index, follow, max-snippet:-1, max-image-preview:large, max-video-preview:-1\" \/>\n<link rel=\"canonical\" href=\"https:\/\/www.laocoonteshoes.com\/es\/producto\/provenza-black\/\" \/>\n<meta property=\"og:locale\" content=\"es_ES\" \/>\n<meta property=\"og:type\" content=\"article\" \/>\n<meta property=\"og:title\" content=\"Provenza - Laocoonte Shoes\" \/>\n<meta property=\"og:description\" content=\"PROVENZA. All black leather flat sandal, with square toe point, quilted upper in soft lamb leather. These genuine sandals are the softest shoes you will wear this summer. Featuring a padded insole also in leather for optimum comfort. Designed and handmade in our atelier in Spain. This shoes sizes normally, take your usual size.\" \/>\n<meta property=\"og:url\" content=\"https:\/\/www.laocoonteshoes.com\/es\/producto\/provenza-black\/\" \/>\n<meta property=\"og:site_name\" content=\"Laocoonte Shoes\" \/>\n<meta property=\"article:publisher\" content=\"https:\/\/www.facebook.com\/LAOCOONTESHOES\/\" \/>\n<meta property=\"article:modified_time\" content=\"2023-01-09T07:49:37+00:00\" \/>\n<meta property=\"og:image\" content=\"https:\/\/www.laocoonteshoes.com\/wp-content\/uploads\/2022\/10\/Provenza-cordero-black-par.jpg\" \/>\n\t<meta property=\"og:image:width\" content=\"1000\" \/>\n\t<meta property=\"og:image:height\" content=\"1000\" \/>\n\t<meta property=\"og:image:type\" content=\"image\/jpeg\" \/>\n<meta name=\"twitter:card\" content=\"summary_large_image\" \/>\n<script type=\"application\/ld+json\" class=\"yoast-schema-graph\">{\"@context\":\"https:\\\/\\\/schema.org\",\"@graph\":[{\"@type\":\"WebPage\",\"@id\":\"https:\\\/\\\/www.laocoonteshoes.com\\\/producto\\\/provenza-black\\\/\",\"url\":\"https:\\\/\\\/www.laocoonteshoes.com\\\/producto\\\/provenza-black\\\/\",\"name\":\"Provenza - Laocoonte Shoes\",\"isPartOf\":{\"@id\":\"https:\\\/\\\/www.laocoonteshoes.com\\\/#website\"},\"primaryImageOfPage\":{\"@id\":\"https:\\\/\\\/www.laocoonteshoes.com\\\/producto\\\/provenza-black\\\/#primaryimage\"},\"image\":{\"@id\":\"https:\\\/\\\/www.laocoonteshoes.com\\\/producto\\\/provenza-black\\\/#primaryimage\"},\"thumbnailUrl\":\"https:\\\/\\\/www.laocoonteshoes.com\\\/wp-content\\\/uploads\\\/2022\\\/10\\\/Provenza-cordero-black-par.jpg\",\"datePublished\":\"2022-10-13T14:01:26+00:00\",\"dateModified\":\"2023-01-09T07:49:37+00:00\",\"breadcrumb\":{\"@id\":\"https:\\\/\\\/www.laocoonteshoes.com\\\/producto\\\/provenza-black\\\/#breadcrumb\"},\"inLanguage\":\"es\",\"potentialAction\":[{\"@type\":\"ReadAction\",\"target\":[\"https:\\\/\\\/www.laocoonteshoes.com\\\/producto\\\/provenza-black\\\/\"]}]},{\"@type\":\"ImageObject\",\"inLanguage\":\"es\",\"@id\":\"https:\\\/\\\/www.laocoonteshoes.com\\\/producto\\\/provenza-black\\\/#primaryimage\",\"url\":\"https:\\\/\\\/www.laocoonteshoes.com\\\/wp-content\\\/uploads\\\/2022\\\/10\\\/Provenza-cordero-black-par.jpg\",\"contentUrl\":\"https:\\\/\\\/www.laocoonteshoes.com\\\/wp-content\\\/uploads\\\/2022\\\/10\\\/Provenza-cordero-black-par.jpg\",\"width\":1000,\"height\":1000},{\"@type\":\"BreadcrumbList\",\"@id\":\"https:\\\/\\\/www.laocoonteshoes.com\\\/producto\\\/provenza-black\\\/#breadcrumb\",\"itemListElement\":[{\"@type\":\"ListItem\",\"position\":1,\"name\":\"Home\",\"item\":\"https:\\\/\\\/www.laocoonteshoes.com\\\/\"},{\"@type\":\"ListItem\",\"position\":2,\"name\":\"Shop\",\"item\":\"https:\\\/\\\/www.laocoonteshoes.com\\\/shop\\\/\"},{\"@type\":\"ListItem\",\"position\":3,\"name\":\"Provenza\"}]},{\"@type\":\"WebSite\",\"@id\":\"https:\\\/\\\/www.laocoonteshoes.com\\\/#website\",\"url\":\"https:\\\/\\\/www.laocoonteshoes.com\\\/\",\"name\":\"Laocoonte Shoes\",\"description\":\"Every shoe has a story\",\"publisher\":{\"@id\":\"https:\\\/\\\/www.laocoonteshoes.com\\\/#organization\"},\"potentialAction\":[{\"@type\":\"SearchAction\",\"target\":{\"@type\":\"EntryPoint\",\"urlTemplate\":\"https:\\\/\\\/www.laocoonteshoes.com\\\/?s={search_term_string}\"},\"query-input\":{\"@type\":\"PropertyValueSpecification\",\"valueRequired\":true,\"valueName\":\"search_term_string\"}}],\"inLanguage\":\"es\"},{\"@type\":\"Organization\",\"@id\":\"https:\\\/\\\/www.laocoonteshoes.com\\\/#organization\",\"name\":\"Laocoonte Shoes\",\"url\":\"https:\\\/\\\/www.laocoonteshoes.com\\\/\",\"logo\":{\"@type\":\"ImageObject\",\"inLanguage\":\"es\",\"@id\":\"https:\\\/\\\/www.laocoonteshoes.com\\\/#\\\/schema\\\/logo\\\/image\\\/\",\"url\":\"https:\\\/\\\/www.laocoonteshoes.com\\\/wp-content\\\/uploads\\\/2024\\\/04\\\/logo-laocoonte.png.webp\",\"contentUrl\":\"https:\\\/\\\/www.laocoonteshoes.com\\\/wp-content\\\/uploads\\\/2024\\\/04\\\/logo-laocoonte.png.webp\",\"width\":200,\"height\":36,\"caption\":\"Laocoonte Shoes\"},\"image\":{\"@id\":\"https:\\\/\\\/www.laocoonteshoes.com\\\/#\\\/schema\\\/logo\\\/image\\\/\"},\"sameAs\":[\"https:\\\/\\\/www.facebook.com\\\/LAOCOONTESHOES\\\/\",\"https:\\\/\\\/www.instagram.com\\\/laocoonte_es\\\/\"]}]}<\/script>\n<!-- \/ Yoast SEO plugin. -->","yoast_head_json":{"title":"Provenza - Laocoonte Shoes","robots":{"index":"index","follow":"follow","max-snippet":"max-snippet:-1","max-image-preview":"max-image-preview:large","max-video-preview":"max-video-preview:-1"},"canonical":"https:\/\/www.laocoonteshoes.com\/es\/producto\/provenza-black\/","og_locale":"es_ES","og_type":"article","og_title":"Provenza - Laocoonte Shoes","og_description":"PROVENZA. All black leather flat sandal, with square toe point, quilted upper in soft lamb leather. These genuine sandals are the softest shoes you will wear this summer. Featuring a padded insole also in leather for optimum comfort. Designed and handmade in our atelier in Spain. This shoes sizes normally, take your usual size.","og_url":"https:\/\/www.laocoonteshoes.com\/es\/producto\/provenza-black\/","og_site_name":"Laocoonte Shoes","article_publisher":"https:\/\/www.facebook.com\/LAOCOONTESHOES\/","article_modified_time":"2023-01-09T07:49:37+00:00","og_image":[{"width":1000,"height":1000,"url":"https:\/\/www.laocoonteshoes.com\/wp-content\/uploads\/2022\/10\/Provenza-cordero-black-par.jpg","type":"image\/jpeg"}],"twitter_card":"summary_large_image","schema":{"@context":"https:\/\/schema.org","@graph":[{"@type":"WebPage","@id":"https:\/\/www.laocoonteshoes.com\/producto\/provenza-black\/","url":"https:\/\/www.laocoonteshoes.com\/producto\/provenza-black\/","name":"Provenza - Laocoonte Shoes","isPartOf":{"@id":"https:\/\/www.laocoonteshoes.com\/#website"},"primaryImageOfPage":{"@id":"https:\/\/www.laocoonteshoes.com\/producto\/provenza-black\/#primaryimage"},"image":{"@id":"https:\/\/www.laocoonteshoes.com\/producto\/provenza-black\/#primaryimage"},"thumbnailUrl":"https:\/\/www.laocoonteshoes.com\/wp-content\/uploads\/2022\/10\/Provenza-cordero-black-par.jpg","datePublished":"2022-10-13T14:01:26+00:00","dateModified":"2023-01-09T07:49:37+00:00","breadcrumb":{"@id":"https:\/\/www.laocoonteshoes.com\/producto\/provenza-black\/#breadcrumb"},"inLanguage":"es","potentialAction":[{"@type":"ReadAction","target":["https:\/\/www.laocoonteshoes.com\/producto\/provenza-black\/"]}]},{"@type":"ImageObject","inLanguage":"es","@id":"https:\/\/www.laocoonteshoes.com\/producto\/provenza-black\/#primaryimage","url":"https:\/\/www.laocoonteshoes.com\/wp-content\/uploads\/2022\/10\/Provenza-cordero-black-par.jpg","contentUrl":"https:\/\/www.laocoonteshoes.com\/wp-content\/uploads\/2022\/10\/Provenza-cordero-black-par.jpg","width":1000,"height":1000},{"@type":"BreadcrumbList","@id":"https:\/\/www.laocoonteshoes.com\/producto\/provenza-black\/#breadcrumb","itemListElement":[{"@type":"ListItem","position":1,"name":"Home","item":"https:\/\/www.laocoonteshoes.com\/"},{"@type":"ListItem","position":2,"name":"Shop","item":"https:\/\/www.laocoonteshoes.com\/shop\/"},{"@type":"ListItem","position":3,"name":"Provenza"}]},{"@type":"WebSite","@id":"https:\/\/www.laocoonteshoes.com\/#website","url":"https:\/\/www.laocoonteshoes.com\/","name":"Laocoonte Shoes","description":"Every shoe has a story","publisher":{"@id":"https:\/\/www.laocoonteshoes.com\/#organization"},"potentialAction":[{"@type":"SearchAction","target":{"@type":"EntryPoint","urlTemplate":"https:\/\/www.laocoonteshoes.com\/?s={search_term_string}"},"query-input":{"@type":"PropertyValueSpecification","valueRequired":true,"valueName":"search_term_string"}}],"inLanguage":"es"},{"@type":"Organization","@id":"https:\/\/www.laocoonteshoes.com\/#organization","name":"Laocoonte Shoes","url":"https:\/\/www.laocoonteshoes.com\/","logo":{"@type":"ImageObject","inLanguage":"es","@id":"https:\/\/www.laocoonteshoes.com\/#\/schema\/logo\/image\/","url":"https:\/\/www.laocoonteshoes.com\/wp-content\/uploads\/2024\/04\/logo-laocoonte.png.webp","contentUrl":"https:\/\/www.laocoonteshoes.com\/wp-content\/uploads\/2024\/04\/logo-laocoonte.png.webp","width":200,"height":36,"caption":"Laocoonte Shoes"},"image":{"@id":"https:\/\/www.laocoonteshoes.com\/#\/schema\/logo\/image\/"},"sameAs":["https:\/\/www.facebook.com\/LAOCOONTESHOES\/","https:\/\/www.instagram.com\/laocoonte_es\/"]}]}},"_links":{"self":[{"href":"https:\/\/www.laocoonteshoes.com\/es\/wp-json\/wp\/v2\/product\/6858","targetHints":{"allow":["GET"]}}],"collection":[{"href":"https:\/\/www.laocoonteshoes.com\/es\/wp-json\/wp\/v2\/product"}],"about":[{"href":"https:\/\/www.laocoonteshoes.com\/es\/wp-json\/wp\/v2\/types\/product"}],"replies":[{"embeddable":true,"href":"https:\/\/www.laocoonteshoes.com\/es\/wp-json\/wp\/v2\/comments?post=6858"}],"wp:featuredmedia":[{"embeddable":true,"href":"https:\/\/www.laocoonteshoes.com\/es\/wp-json\/wp\/v2\/media\/6869"}],"wp:attachment":[{"href":"https:\/\/www.laocoonteshoes.com\/es\/wp-json\/wp\/v2\/media?parent=6858"}],"wp:term":[{"taxonomy":"product_brand","embeddable":true,"href":"https:\/\/www.laocoonteshoes.com\/es\/wp-json\/wp\/v2\/product_brand?post=6858"},{"taxonomy":"product_cat","embeddable":true,"href":"https:\/\/www.laocoonteshoes.com\/es\/wp-json\/wp\/v2\/product_cat?post=6858"},{"taxonomy":"product_tag","embeddable":true,"href":"https:\/\/www.laocoonteshoes.com\/es\/wp-json\/wp\/v2\/product_tag?post=6858"}],"curies":[{"name":"wp","href":"https:\/\/api.w.org\/{rel}","templated":true}]}}